{"id":933,"date":"2023-11-22T21:56:04","date_gmt":"2023-11-22T18:56:04","guid":{"rendered":"https:\/\/www.bulutoglugrup.com.tr\/isbir\/?post_type=product&#038;p=933"},"modified":"2023-11-22T22:04:47","modified_gmt":"2023-11-22T19:04:47","slug":"air-plus","status":"publish","type":"product","link":"https:\/\/www.bulutoglugrup.com.tr\/isbir\/urun\/air-plus\/","title":{"rendered":"Air Plus"},"content":{"rendered":"<section id=\"listexperience\">\n<div class=\"themeContainer\">\n<div class=\"listSubs\">\n<section id=\"listexperience\">\n<div class=\"themeContainer\">\n<div class=\"listSubs\">\n<section id=\"listexperience\">\n<div class=\"themeContainer\">\n<div class=\"listSubs\">\n<section id=\"listexperience\">\n<div class=\"themeContainer\">\n<div class=\"listSubs\">\n<section id=\"listexperience\">\n<div class=\"themeContainer\">\n<div class=\"listSubs\">\n<h3>Uykunuza sa\u011fl\u0131k, ferahl\u0131k katmak i\u00e7in \u00f6zel olarak geli\u015ftirilen AirPlus Yatak benzersiz bir uyku deneyimi sunar.<\/h3>\n<ul>\n<li style=\"list-style-type: none;\">\n<ul>\n<li style=\"list-style-type: none;\">\n<ul>\n<li>\u00dcst y\u00fczeyinde bulunan ViscoStar katman\u0131 ile v\u00fccut \u00fczerindeki bas\u0131nc\u0131 azaltarak sa\u011fl\u0131kl\u0131 kan dola\u015f\u0131m\u0131na zemin haz\u0131rlar..<\/li>\n<li>AirPlus yatak kuma\u015f\u0131nda bulunan mineral, iyon ve do\u011fal etken maddeleri sayesinde ortam havas\u0131nu ayr\u0131\u015ft\u0131rarak temizleme \u00f6zelli\u011fine sahiptir. \u00d6zel olarak geli\u015ftirilen AirPlus yatak zararl\u0131 ve k\u00f6t\u00fc molek\u00fclleri yok ederek daha sa\u011fl\u0131kl\u0131 bir uyu ortam\u0131 olu\u015fturur.<\/li>\n<li>Formaldenit, sigara kokusu, v\u00fccut kokusu, ter kokusu gibi zararl\u0131 maddeleri ayr\u0131\u015ft\u0131rarak ekstra hijyensunar. \u0130yon de\u011fi\u015ftirme etkisi ile AirPlus yatak, havadaki oksijen ve hidrojeni etkilerek minerallerin oksidoasyon reaksiyonu ile zaral\u0131 maddeleri yok eder.<\/li>\n<li>AirPlus yatak, istenmeyen ko\u015fullar\u0131 \u00f6ntralize eden karakteristijk yap\u0131s\u0131 ile ergonomiyi bulu\u015fturur.<\/li>\n<li>Garanti S\u00fcresi:\u00a0<strong>2+3 Y\u0131l<\/strong>\u00a0limitli Garanti Kapsam\u0131ndad\u0131r.<\/li>\n<li>Yatak Y\u00fcksekli\u011fi:\u00a0<strong>24 (\u00b11) cm<\/strong><\/li>\n<\/ul>\n<\/li>\n<\/ul>\n<\/li>\n<\/ul>\n<\/div>\n<\/div>\n<\/section>\n<section id=\"bedArea\">\n<div class=\"themeContainer\">\n<div class=\"bedModal\">\n<div id=\"field2\" class=\"fl col-12 col-sm-12\">\n<div id=\"carousel-list\" class=\"fl col-12\">\n<div class=\"box col-2 col-sm-4 col-xs-6\">\n<div class=\"col col-12 whiteBg\"><\/div>\n<\/div>\n<\/div>\n<\/div>\n<\/div>\n<\/div>\n<\/section>\n<\/div>\n<\/div>\n<\/section>\n<\/div>\n<\/div>\n<\/section>\n<\/div>\n<\/div>\n<\/section>\n<\/div>\n<\/div>\n<\/section>\n<div class=\"postTitle\"><strong>Paket Yay Teknolojisi<\/strong><\/div>\n<p>Pocket Spring, paket yaylar\/ torba yaylar arac\u0131l\u0131\u011f\u0131yla yata\u011f\u0131n ergonomisini art\u0131ran yeni nesil bir teknolojidir. Paket yayda, torbalar i\u00e7erisinde konumland\u0131r\u0131lm\u0131\u015f birbirinden ba\u011f\u0131ms\u0131z pek \u00e7ok yay, farkl\u0131 ama\u00e7lara y\u00f6nelik olarak \u00e7e\u015fitli kombinasyonlarla yata\u011f\u0131n\u0131z\u0131n i\u00e7erisinde yerle\u015ftirilir.<\/p>\n<div class=\"postTitle\"><strong>Omurga Deste\u011fi<\/strong><\/div>\n<p>Ba\u011f\u0131ms\u0131z yaylar\u0131 sayesinde olduk\u00e7a esnek yap\u0131da olan bu konfor katman\u0131 v\u00fccudun a\u011f\u0131rl\u0131\u011f\u0131n\u0131 yata\u011f\u0131n y\u00fczeyine e\u015fit bi\u00e7imde yay\u0131lmas\u0131na yard\u0131mc\u0131 olur. Bu sayede yatak omurgan\u0131n g\u00fcn i\u00e7erisindeki do\u011fal duru\u015funa uyum sa\u011flar, v\u00fccudun herhangi bir noktas\u0131 bas\u0131n\u00e7ta kalmaz ve kullan\u0131c\u0131n\u0131n uyku konforu maksimize edilir..<\/p>\n<div class=\"postTitle\"><strong>Zone Teknolojisi<\/strong><\/div>\n<p>Pocket Spring teknolojisi normal modellerinin yan\u0131 s\u0131ra ba\u015f, omuz, s\u0131rt, bel, kal\u00e7a gibi v\u00fccudun bas\u0131n\u00e7 noktalar\u0131na uyumu sa\u011flayan ergonomisi art\u0131r\u0131lm\u0131\u015f 5 zone\u2019lu ve 7 zone\u2019lu modellere de sahiptir. Kimi modellerde kullan\u0131lan mikro paket yaylar ise en hassas hareketlere ve a\u011f\u0131rl\u0131klara y\u00fcksek duyarl\u0131l\u0131k g\u00f6sterir.<\/p>\n<div class=\"postTitle\"><strong>Ekstra Hava Sirk\u00fclasyonu<\/strong><\/div>\n<p>Gece boyunca maksimum hava sirk\u00fclasyonu sa\u011flar. B\u00f6ylelikle derin ve kesintisiz bir uyku deneyimi ya\u015faman\u0131za ve sabahlar\u0131 daha dinlenmi\u015f \u015fekilde uyanman\u0131za yard\u0131mc\u0131 olur.<\/p>\n<div class=\"postTitle\"><strong>E\u015fler Mutlu<\/strong><\/div>\n<p>Bir noktadaki hareket di\u011fer noktada hissedilmez ve e\u015fler gece boyunca ya\u015fad\u0131klar\u0131 istemsiz d\u00f6n\u00fc\u015fleri hissetmezler. Gece boyunca olu\u015fabilecek istemsiz d\u00f6n\u00fc\u015flerde ses yapmaz. Sessiz bir uyku deneyimi sunar.<\/p>\n<div class=\"postTitle\"><strong>Sessiz Uyku Deneyimi<\/strong><\/div>\n<p>Gece boyunca olu\u015fabilecek istemsiz d\u00f6n\u00fc\u015flerde ses yapmaz. Sessiz bir uyku deneyimi sunar.<\/p>\n","protected":false},"excerpt":{"rendered":"<div class=\"col col-12 variantType\">\n<div class=\"col col-12 variantType\">\n<div class=\"col col-12 variantType\">\n<div class=\"col col-12 variantType\">\n<div class=\"col col-12 variantType\">\n<div class=\"col col-12 variantType\">\n<div class=\"col col-12 variantType\">\n<div class=\"col col-12 variantType\">\n<div class=\"col col-12 variantType\">\n<div class=\"col col-12 variantType\">\n<div class=\"col col-12 variantType\">\n<div class=\"col col-12 variantType\">\n<div class=\"col col-12 variantType\">\n<div class=\"col col-12 variantType\">\n<div class=\"col col-12 variantType\">\n<div class=\"col col-12 variantType\">\u00d6l\u00e7\u00fc<\/div>\n<div class=\"box col-12 variantBox subOne\" data-order=\"1\" data-callback=\"variantCall\">\n<div class=\"pos-r fl col-12 ease variantList\">\n<p>80&#215;200<\/p>\n<p>90&#215;190<\/p>\n<p>90&#215;200<\/p>\n<p>100&#215;200<\/p>\n<p>120&#215;200<\/p>\n<p>140&#215;190<\/p>\n<p>140&#215;200<\/p>\n<p>150&#215;200<\/p>\n<p>160&#215;200<\/p>\n<p>180&#215;200<\/p>\n<p>200&#215;200<\/p>\n<\/div>\n<\/div>\n<\/div>\n<\/div>\n<\/div>\n<\/div>\n<\/div>\n<\/div>\n<\/div>\n<\/div>\n<\/div>\n<\/div>\n<\/div>\n<\/div>\n<\/div>\n<\/div>\n<\/div>\n","protected":false},"featured_media":934,"comment_status":"open","ping_status":"closed","template":"","meta":[],"product_cat":[39,25],"product_tag":[],"class_list":["post-933","product","type-product","status-publish","has-post-thumbnail","hentry","product_cat-paket-yay","product_cat-yatak"],"_links":{"self":[{"href":"https:\/\/www.bulutoglugrup.com.tr\/isbir\/wp-json\/wp\/v2\/product\/933","targetHints":{"allow":["GET"]}}],"collection":[{"href":"https:\/\/www.bulutoglugrup.com.tr\/isbir\/wp-json\/wp\/v2\/product"}],"about":[{"href":"https:\/\/www.bulutoglugrup.com.tr\/isbir\/wp-json\/wp\/v2\/types\/product"}],"replies":[{"embeddable":true,"href":"https:\/\/www.bulutoglugrup.com.tr\/isbir\/wp-json\/wp\/v2\/comments?post=933"}],"wp:featuredmedia":[{"embeddable":true,"href":"https:\/\/www.bulutoglugrup.com.tr\/isbir\/wp-json\/wp\/v2\/media\/934"}],"wp:attachment":[{"href":"https:\/\/www.bulutoglugrup.com.tr\/isbir\/wp-json\/wp\/v2\/media?parent=933"}],"wp:term":[{"taxonomy":"product_cat","embeddable":true,"href":"https:\/\/www.bulutoglugrup.com.tr\/isbir\/wp-json\/wp\/v2\/product_cat?post=933"},{"taxonomy":"product_tag","embeddable":true,"href":"https:\/\/www.bulutoglugrup.com.tr\/isbir\/wp-json\/wp\/v2\/product_tag?post=933"}],"curies":[{"name":"wp","href":"https:\/\/api.w.org\/{rel}","templated":true}]}}