{"id":814,"date":"2023-11-22T20:16:45","date_gmt":"2023-11-22T17:16:45","guid":{"rendered":"https:\/\/www.bulutoglugrup.com.tr\/isbir\/?post_type=product&#038;p=814"},"modified":"2023-11-22T20:19:13","modified_gmt":"2023-11-22T17:19:13","slug":"kaz-tuyu-uyku-pedi","status":"publish","type":"product","link":"https:\/\/www.bulutoglugrup.com.tr\/isbir\/urun\/kaz-tuyu-uyku-pedi\/","title":{"rendered":"Kaz T\u00fcy\u00fc Uyku Pedi"},"content":{"rendered":"<ul id=\"tabPanel\" class=\"box col-12 fade\">\n<li class=\"fl ozellik current\">\n<div class=\"row\">\n<div id=\"productDetailTab\" class=\"col col-12 mb\">\n<div class=\"row mb\">\n<div>\u0130\u015fbir Yatak do\u011fal uykuyu kaz t\u00fcy\u00fcn\u00fcn hafif, yumu\u015fak ve esnek dokusuyla sizlere sunuyor. Kaz t\u00fcy\u00fcn\u00fcn y\u00fcksek termo g\u00fcc\u00fc sayesinde, \u0131s\u0131 di\u011fer dolgu malzemelerine g\u00f6re iki bu\u00e7uk kat daha fazla korunur. Y\u00fcksek hava ge\u00e7irgenli\u011fi ile en ideal uyku konforunu sunar.<\/p>\n<p>Kaz t\u00fcy\u00fc, do\u011fal yap\u0131s\u0131yla s\u0131cakl\u0131k de\u011fi\u015fimlerine kar\u015f\u0131 v\u00fccudu korur, nemi ayarlar ve uyku i\u00e7in en uygun atmosferi olu\u015fturur. \u201cHygroscopic\u201d (nem emici) \u00f6zelli\u011fi sayesinde v\u00fccudun nefes almas\u0131n\u0131 sa\u011flar ve terletmez. Y\u0131kanabilir. %100 pamuklu kuma\u015f\u0131 ve kaz t\u00fcy\u00fc dolgusuyla terletmez. Her daim dolgunluk i\u00e7in %30 g\u0131d\u0131k t\u00fcy\u00fc ve %70 s\u0131rt t\u00fcy\u00fc i\u00e7eren 1170 gr\/m2 kaz t\u00fcy\u00fc kullan\u0131lm\u0131\u015ft\u0131r. Kaz t\u00fcy\u00fc do\u011fal yap\u0131s\u0131yla s\u0131cakl\u0131k de\u011fi\u015fimlerine kar\u015f\u0131 v\u00fccudu korur, nemi ayarlar ve uyku i\u00e7in en uygun atmosferi olu\u015fturur. \u201cHygroscopic\u201d \u00f6zelli\u011fi sayesinde v\u00fccudun nefes almas\u0131n\u0131 sa\u011flar. Standart t\u00fcm yatak \u00f6l\u00e7\u00fclerinde bulunur.<\/p><\/div>\n<\/div>\n<\/div>\n<\/div>\n<\/li>\n<\/ul>\n","protected":false},"excerpt":{"rendered":"<p>\u00d6l\u00e7\u00fcler<\/p>\n<p>90&#215;190<\/p>\n<p>90&#215;200<\/p>\n<p>100&#215;200<\/p>\n<p>120&#215;200<\/p>\n<p>140&#215;190<\/p>\n<p>140&#215;200<\/p>\n<p>150&#215;200<\/p>\n<p>160&#215;200<\/p>\n<p>180&#215;200<\/p>\n<p>200&#215;200<\/p>\n","protected":false},"featured_media":815,"comment_status":"open","ping_status":"closed","template":"","meta":[],"product_cat":[46,26],"product_tag":[],"class_list":["post-814","product","type-product","status-publish","has-post-thumbnail","hentry","product_cat-pedler","product_cat-yastik-yorgan"],"_links":{"self":[{"href":"https:\/\/www.bulutoglugrup.com.tr\/isbir\/wp-json\/wp\/v2\/product\/814","targetHints":{"allow":["GET"]}}],"collection":[{"href":"https:\/\/www.bulutoglugrup.com.tr\/isbir\/wp-json\/wp\/v2\/product"}],"about":[{"href":"https:\/\/www.bulutoglugrup.com.tr\/isbir\/wp-json\/wp\/v2\/types\/product"}],"replies":[{"embeddable":true,"href":"https:\/\/www.bulutoglugrup.com.tr\/isbir\/wp-json\/wp\/v2\/comments?post=814"}],"wp:featuredmedia":[{"embeddable":true,"href":"https:\/\/www.bulutoglugrup.com.tr\/isbir\/wp-json\/wp\/v2\/media\/815"}],"wp:attachment":[{"href":"https:\/\/www.bulutoglugrup.com.tr\/isbir\/wp-json\/wp\/v2\/media?parent=814"}],"wp:term":[{"taxonomy":"product_cat","embeddable":true,"href":"https:\/\/www.bulutoglugrup.com.tr\/isbir\/wp-json\/wp\/v2\/product_cat?post=814"},{"taxonomy":"product_tag","embeddable":true,"href":"https:\/\/www.bulutoglugrup.com.tr\/isbir\/wp-json\/wp\/v2\/product_tag?post=814"}],"curies":[{"name":"wp","href":"https:\/\/api.w.org\/{rel}","templated":true}]}}