{"id":805,"date":"2023-11-21T03:28:14","date_gmt":"2023-11-21T00:28:14","guid":{"rendered":"https:\/\/www.bulutoglugrup.com.tr\/isbir\/?post_type=product&#038;p=805"},"modified":"2023-11-21T03:33:06","modified_gmt":"2023-11-21T00:33:06","slug":"viscoped","status":"publish","type":"product","link":"https:\/\/www.bulutoglugrup.com.tr\/isbir\/urun\/viscoped\/","title":{"rendered":"ViscoPed"},"content":{"rendered":"<div class=\"kesitler gl-2\">\n<div class=\"kesitler-wrapper\">\n<div class=\"left-side\">\n<div class=\"wrapper l-2 imgs-loaded loaded\">\n<section class=\"figure\"><img decoding=\"async\" class=\"hover\" src=\"https:\/\/www.isbiryatak.com\/Data\/EditorFiles\/kesit\/img-pasif\/Viscostar-AEROMAX-Konfor-Katman%C4%B1-2cm(turkuaz)_.webp\" \/><\/section>\n<\/div>\n<div class=\"mobile-controller\"><\/div>\n<\/div>\n<div class=\"right-side\">\n<section class=\"figure-article show\">\n<p class=\"title\">Pamuklu \u00d6rme Kuma\u015f<\/p>\n<p>Yumu\u015fakl\u0131k hissini \u00fcst\u00fcnde ta\u015f\u0131yan yap\u0131s\u0131 sayesinde benzersiz bir tu\u015fe deneyimi sunar. Nefes al\u0131r. Uyku iklimini ideal seviyede tutar.<\/p>\n<div class=\"media-area\"><\/div>\n<\/section>\n<\/div>\n<\/div>\n<\/div>\n<div class=\"fl col-12 mb double\">\n<div class=\"fr col-7 col-sm-12 desc-tab\">\n<p>Viscostar Yatak pedi, her t\u00fcr yata\u011f\u0131n \u00fczerinde Viscostar konforunu ve kalitesini hissedebilmeniz i\u00e7in tasarlanm\u0131\u015ft\u0131r. Is\u0131ya ve bas\u0131nca duyarl\u0131 viskoelastik malzeme ve y\u0131kanabilir k\u0131l\u0131f\u0131 ile y\u0131llarca konforlu bir uyku sunar.<\/p>\n<p>VISCOSTAR yatak pedi t\u00fcm standart yatak \u00f6l\u00e7\u00fclerinde mevcuttur.<\/p>\n<p>Ped y\u00fcksekli\u011fi\u00a0<strong>7 cm<\/strong>\u2019dir (\u00b11 cm).<\/p>\n<p>Garanti S\u00fcresi:\u00a0<strong>2 Y\u0131l<\/strong><\/p>\n<p>Y\u0131kanabilir k\u0131l\u0131f.<\/p>\n<p>80&#215;200<br \/>\n90&#215;190<br \/>\n90&#215;200<br \/>\n100&#215;200<br \/>\n120&#215;200<br \/>\n140&#215;190<br \/>\n140&#215;200<br \/>\n150&#215;200<br \/>\n160&#215;200<br \/>\n180&#215;200<br \/>\n200&#215;200<\/p>\n<\/div>\n<\/div>\n","protected":false},"excerpt":{"rendered":"<p>Pamuklu \u00d6rme Kuma\u015f Yumu\u015fakl\u0131k hissini \u00fcst\u00fcnde ta\u015f\u0131yan yap\u0131s\u0131 sayesinde benzersiz bir tu\u015fe deneyimi sunar. Nefes al\u0131r. Uyku iklimini ideal seviyede tutar. Viscostar Yatak pedi, her t\u00fcr<span class=\"excerpt-hellip\"> [\u2026]<\/span><\/p>\n","protected":false},"featured_media":806,"comment_status":"open","ping_status":"closed","template":"","meta":[],"product_cat":[46,26],"product_tag":[],"class_list":["post-805","product","type-product","status-publish","has-post-thumbnail","hentry","product_cat-pedler","product_cat-yastik-yorgan"],"_links":{"self":[{"href":"https:\/\/www.bulutoglugrup.com.tr\/isbir\/wp-json\/wp\/v2\/product\/805","targetHints":{"allow":["GET"]}}],"collection":[{"href":"https:\/\/www.bulutoglugrup.com.tr\/isbir\/wp-json\/wp\/v2\/product"}],"about":[{"href":"https:\/\/www.bulutoglugrup.com.tr\/isbir\/wp-json\/wp\/v2\/types\/product"}],"replies":[{"embeddable":true,"href":"https:\/\/www.bulutoglugrup.com.tr\/isbir\/wp-json\/wp\/v2\/comments?post=805"}],"wp:featuredmedia":[{"embeddable":true,"href":"https:\/\/www.bulutoglugrup.com.tr\/isbir\/wp-json\/wp\/v2\/media\/806"}],"wp:attachment":[{"href":"https:\/\/www.bulutoglugrup.com.tr\/isbir\/wp-json\/wp\/v2\/media?parent=805"}],"wp:term":[{"taxonomy":"product_cat","embeddable":true,"href":"https:\/\/www.bulutoglugrup.com.tr\/isbir\/wp-json\/wp\/v2\/product_cat?post=805"},{"taxonomy":"product_tag","embeddable":true,"href":"https:\/\/www.bulutoglugrup.com.tr\/isbir\/wp-json\/wp\/v2\/product_tag?post=805"}],"curies":[{"name":"wp","href":"https:\/\/api.w.org\/{rel}","templated":true}]}}