{"id":798,"date":"2023-11-21T03:22:49","date_gmt":"2023-11-21T00:22:49","guid":{"rendered":"https:\/\/www.bulutoglugrup.com.tr\/isbir\/?post_type=product&#038;p=798"},"modified":"2023-11-21T03:25:12","modified_gmt":"2023-11-21T00:25:12","slug":"alez-yatak-koruyucu","status":"publish","type":"product","link":"https:\/\/www.bulutoglugrup.com.tr\/isbir\/urun\/alez-yatak-koruyucu\/","title":{"rendered":"Alez &#8211; Yatak Koruyucu"},"content":{"rendered":"<ul id=\"tabPanel\" class=\"box col-12 fade\">\n<li class=\"fl ozellik current\">\n<div class=\"row\">\n<div id=\"productDetailTab\" class=\"col col-12 mb\">\n<div class=\"row mb\">\n<ul id=\"tabPanel\" class=\"box col-12 fade\">\n<li class=\"fl ozellik current\">\n<div class=\"row\">\n<div id=\"productDetailTab\" class=\"col col-12 mb\">\n<div class=\"row mb\">\n<div>\n<p>Alez, yata\u011f\u0131n\u0131z\u0131n kirlenmesini, leke tutmas\u0131n\u0131\u00a0\u00f6nler, \u00f6mr\u00fcn\u00fc uzat\u0131r.<\/p>\n<p>150 gr\/m<sup>2<\/sup>\u00a0silikonize elyaf vatka ile her iki\u00a0y\u00fcz\u00fcnde microfibre kuma\u015f ile kapitone\u00a0edilmi\u015ftir.<\/p>\n<p>Y\u0131kanabilir ve y\u0131pranmaz.<\/p>\n<p>D\u00f6rt taraf\u0131ndaki \u00f6zel lasti\u011fiyle yata\u011fa\u00a0kolayca monte edilir.<\/p>\n<p>Standart t\u00fcm yatak \u00f6l\u00e7\u00fclerinde bulunur.<\/p>\n<\/div>\n<\/div>\n<\/div>\n<\/div>\n<\/li>\n<\/ul>\n<p>140&#215;190\/200<br \/>\n150&#215;190\/200<br \/>\n160&#215;190\/200<br \/>\n90&#215;190\/200<br \/>\n100&#215;200<br \/>\n120&#215;200<br \/>\n180&#215;200<br \/>\n200&#215;200<\/p>\n<\/div>\n<\/div>\n<\/div>\n<\/li>\n<\/ul>\n","protected":false},"excerpt":{"rendered":"<p>Alez, yata\u011f\u0131n\u0131z\u0131n kirlenmesini, leke tutmas\u0131n\u0131\u00a0\u00f6nler, \u00f6mr\u00fcn\u00fc uzat\u0131r. 150 gr\/m2\u00a0silikonize elyaf vatka ile her iki\u00a0y\u00fcz\u00fcnde microfibre kuma\u015f ile kapitone\u00a0edilmi\u015ftir. Y\u0131kanabilir ve y\u0131pranmaz. D\u00f6rt taraf\u0131ndaki \u00f6zel lasti\u011fiyle yata\u011fa\u00a0kolayca<span class=\"excerpt-hellip\"> [\u2026]<\/span><\/p>\n","protected":false},"featured_media":799,"comment_status":"open","ping_status":"closed","template":"","meta":[],"product_cat":[44,26],"product_tag":[],"class_list":["post-798","product","type-product","status-publish","has-post-thumbnail","hentry","product_cat-alezler","product_cat-yastik-yorgan"],"_links":{"self":[{"href":"https:\/\/www.bulutoglugrup.com.tr\/isbir\/wp-json\/wp\/v2\/product\/798","targetHints":{"allow":["GET"]}}],"collection":[{"href":"https:\/\/www.bulutoglugrup.com.tr\/isbir\/wp-json\/wp\/v2\/product"}],"about":[{"href":"https:\/\/www.bulutoglugrup.com.tr\/isbir\/wp-json\/wp\/v2\/types\/product"}],"replies":[{"embeddable":true,"href":"https:\/\/www.bulutoglugrup.com.tr\/isbir\/wp-json\/wp\/v2\/comments?post=798"}],"wp:featuredmedia":[{"embeddable":true,"href":"https:\/\/www.bulutoglugrup.com.tr\/isbir\/wp-json\/wp\/v2\/media\/799"}],"wp:attachment":[{"href":"https:\/\/www.bulutoglugrup.com.tr\/isbir\/wp-json\/wp\/v2\/media?parent=798"}],"wp:term":[{"taxonomy":"product_cat","embeddable":true,"href":"https:\/\/www.bulutoglugrup.com.tr\/isbir\/wp-json\/wp\/v2\/product_cat?post=798"},{"taxonomy":"product_tag","embeddable":true,"href":"https:\/\/www.bulutoglugrup.com.tr\/isbir\/wp-json\/wp\/v2\/product_tag?post=798"}],"curies":[{"name":"wp","href":"https:\/\/api.w.org\/{rel}","templated":true}]}}