{"id":793,"date":"2023-11-21T03:19:09","date_gmt":"2023-11-21T00:19:09","guid":{"rendered":"https:\/\/www.bulutoglugrup.com.tr\/isbir\/?post_type=product&#038;p=793"},"modified":"2023-11-21T03:20:04","modified_gmt":"2023-11-21T00:20:04","slug":"silikon-yorgan","status":"publish","type":"product","link":"https:\/\/www.bulutoglugrup.com.tr\/isbir\/urun\/silikon-yorgan\/","title":{"rendered":"Silikon Yorgan"},"content":{"rendered":"<p>Microfiber kuma\u015f kullan\u0131larak \u00fcretilen silikon yorgan, kolay temizlenir.<\/p>\n<p>Yorgan, silikonize elyaf (500 gr\/m<sup>2<\/sup>) microfiber kuma\u015f ile kapitone edilir.<\/p>\n","protected":false},"excerpt":{"rendered":"<p>Yorgan \u00d6l\u00e7\u00fc<\/p>\n<p>Tek Ki\u015filik<br \/>\nTek Ki\u015filik<\/p>\n","protected":false},"featured_media":794,"comment_status":"open","ping_status":"closed","template":"","meta":[],"product_cat":[26,43],"product_tag":[],"class_list":["post-793","product","type-product","status-publish","has-post-thumbnail","hentry","product_cat-yastik-yorgan","product_cat-yorganlar"],"_links":{"self":[{"href":"https:\/\/www.bulutoglugrup.com.tr\/isbir\/wp-json\/wp\/v2\/product\/793","targetHints":{"allow":["GET"]}}],"collection":[{"href":"https:\/\/www.bulutoglugrup.com.tr\/isbir\/wp-json\/wp\/v2\/product"}],"about":[{"href":"https:\/\/www.bulutoglugrup.com.tr\/isbir\/wp-json\/wp\/v2\/types\/product"}],"replies":[{"embeddable":true,"href":"https:\/\/www.bulutoglugrup.com.tr\/isbir\/wp-json\/wp\/v2\/comments?post=793"}],"wp:featuredmedia":[{"embeddable":true,"href":"https:\/\/www.bulutoglugrup.com.tr\/isbir\/wp-json\/wp\/v2\/media\/794"}],"wp:attachment":[{"href":"https:\/\/www.bulutoglugrup.com.tr\/isbir\/wp-json\/wp\/v2\/media?parent=793"}],"wp:term":[{"taxonomy":"product_cat","embeddable":true,"href":"https:\/\/www.bulutoglugrup.com.tr\/isbir\/wp-json\/wp\/v2\/product_cat?post=793"},{"taxonomy":"product_tag","embeddable":true,"href":"https:\/\/www.bulutoglugrup.com.tr\/isbir\/wp-json\/wp\/v2\/product_tag?post=793"}],"curies":[{"name":"wp","href":"https:\/\/api.w.org\/{rel}","templated":true}]}}