{"id":787,"date":"2023-11-21T03:14:13","date_gmt":"2023-11-21T00:14:13","guid":{"rendered":"https:\/\/www.bulutoglugrup.com.tr\/isbir\/?post_type=product&#038;p=787"},"modified":"2023-11-21T03:16:51","modified_gmt":"2023-11-21T00:16:51","slug":"quallofil-air-allerban-yorgan","status":"publish","type":"product","link":"https:\/\/www.bulutoglugrup.com.tr\/isbir\/urun\/quallofil-air-allerban-yorgan\/","title":{"rendered":"Quallofil Air Allerban Yorgan"},"content":{"rendered":"<ul id=\"tabPanel\" class=\"box col-12 fade\">\n<li class=\"fl ozellik current\">\n<div class=\"row\">\n<div id=\"productDetailTab\" class=\"col col-12 mb\">\n<div class=\"row mb\">\n<div>\n<p>\u0130\u015fbir Yatak \u00fcst\u00fcn teknoloji ile \u00fcretti\u011fi 350 gr\/m2 \u00f6zel Quallofil\u00ae Air Allerban\u00ae dolgulu yorgan uyku konforunuzu en \u00fcst seviyeye ta\u015f\u0131r.<\/p>\n<h2>Quallofil\u00ae Air Allerban\u00ae Yorgan Neden \u00c7ok Farkl\u0131?<\/h2>\n<p><strong>Hafiflik;<\/strong>\u00a0Bu \u00fcr\u00fcn\u00fcn dolgu elyaf\u0131 minimum a\u011f\u0131rl\u0131kla maksimum konfor sa\u011flamak \u00fczere \u00f6zel olarak biraraya getirilmi\u015f \u00e7ok ince ve\u00a0\u00e7ok hafif liflerden olu\u015fur.<\/p>\n<p><strong>D\u00fczenli S\u0131cakl\u0131k;<\/strong>\u00a0Yorgan\u0131n\u0131z\u0131n i\u00e7erisindeki i\u00e7i bo\u015f olarak tasarlanm\u0131\u015f elyaflar hava sirk\u00fclasyonunu geli\u015ftirirken nem birikmesini azaltarak t\u00fcm\u00a0gece boyunca ho\u015f bir mikro iklim olu\u015fturur.<\/p>\n<p><strong>Ekstra \u015ei\u015fkin;<\/strong>\u00a0Dolgu maksimum s\u0131cakl\u0131k ve hacmi vermek \u00fczere y\u00fcksek hava i\u00e7eri\u011fiyle d\u00fc\u015f\u00fcn\u00fclm\u00fc\u015f i\u00e7i bo\u015f elyaftan \u00fcretilmi\u015ftir.<\/p>\n<p><strong>\u00dcst\u00fcn Konfor;<\/strong>\u00a0Yast\u0131k ya da yorgan\u0131n\u0131z\u0131n dolgu elyaflar\u0131 en m\u00fckemmel ve uzun s\u00fcreli konforu sa\u011flayacak bi\u00e7imde titizlikle se\u00e7ilir ve kontrol edilir.<\/p>\n<p><strong>Makinede Y\u0131kanabilir;<\/strong>\u00a0Bu \u00fcr\u00fcn makinede y\u0131kan\u0131p kurutulabilir.<\/p>\n<p><strong>Kalite;<\/strong>\u00a0Dacron<sup>\u00ae<\/sup>\u00a0marka elyaf dolgulu her yatak \u00fcr\u00fcn\u00fc numaral\u0131 bir marka etiketi ta\u015f\u0131r. Bu \u00f6zel numara \u00fcr\u00fcn\u00fcn lisans alt\u0131nda \u00fcretildi\u011fini ve Dacron<sup>\u00ae<\/sup>\u00a0kalite standartlar\u0131n\u0131 kar\u015f\u0131lad\u0131\u011f\u0131n\u0131 g\u00f6sterir.<\/p>\n<p>&nbsp;<\/p>\n<p><strong>Ebatlar<\/strong><\/p>\n<ul>\n<li class=\"p1\">Tek Ki\u015filik (155\u00d7215 cm)<\/li>\n<li class=\"p1\">\u00c7ift Ki\u015filik (195\u00d7215 cm)<\/li>\n<li class=\"p1\">XL (215\u00d7235 cm)S: Summer\n<p>W: Winter<\/li>\n<\/ul>\n<\/div>\n<\/div>\n<\/div>\n<\/div>\n<\/li>\n<\/ul>\n","protected":false},"excerpt":{"rendered":"<p>Yorgan \u00d6l\u00e7\u00fc<\/p>\n<p>Tek Ki\u015filik (S)<br \/>\nTek Ki\u015filik (W)<br \/>\n\u00c7ift Ki\u015filik (S)<br \/>\n\u00c7ift Ki\u015filik (W)<br \/>\nXL (S)<br \/>\nXL (W)<\/p>\n","protected":false},"featured_media":788,"comment_status":"open","ping_status":"closed","template":"","meta":[],"product_cat":[26,43],"product_tag":[],"class_list":["post-787","product","type-product","status-publish","has-post-thumbnail","hentry","product_cat-yastik-yorgan","product_cat-yorganlar"],"_links":{"self":[{"href":"https:\/\/www.bulutoglugrup.com.tr\/isbir\/wp-json\/wp\/v2\/product\/787","targetHints":{"allow":["GET"]}}],"collection":[{"href":"https:\/\/www.bulutoglugrup.com.tr\/isbir\/wp-json\/wp\/v2\/product"}],"about":[{"href":"https:\/\/www.bulutoglugrup.com.tr\/isbir\/wp-json\/wp\/v2\/types\/product"}],"replies":[{"embeddable":true,"href":"https:\/\/www.bulutoglugrup.com.tr\/isbir\/wp-json\/wp\/v2\/comments?post=787"}],"wp:featuredmedia":[{"embeddable":true,"href":"https:\/\/www.bulutoglugrup.com.tr\/isbir\/wp-json\/wp\/v2\/media\/788"}],"wp:attachment":[{"href":"https:\/\/www.bulutoglugrup.com.tr\/isbir\/wp-json\/wp\/v2\/media?parent=787"}],"wp:term":[{"taxonomy":"product_cat","embeddable":true,"href":"https:\/\/www.bulutoglugrup.com.tr\/isbir\/wp-json\/wp\/v2\/product_cat?post=787"},{"taxonomy":"product_tag","embeddable":true,"href":"https:\/\/www.bulutoglugrup.com.tr\/isbir\/wp-json\/wp\/v2\/product_tag?post=787"}],"curies":[{"name":"wp","href":"https:\/\/api.w.org\/{rel}","templated":true}]}}