{"id":780,"date":"2023-11-21T03:10:09","date_gmt":"2023-11-21T00:10:09","guid":{"rendered":"https:\/\/www.bulutoglugrup.com.tr\/isbir\/?post_type=product&#038;p=780"},"modified":"2023-11-21T03:11:22","modified_gmt":"2023-11-21T00:11:22","slug":"pamuk-yorgan","status":"publish","type":"product","link":"https:\/\/www.bulutoglugrup.com.tr\/isbir\/urun\/pamuk-yorgan\/","title":{"rendered":"Pamuk Yorgan"},"content":{"rendered":"<header class=\"col col-12\">\n<div id=\"header\" class=\"row\">\n<div id=\"product-detail\" class=\"col col-12\">\n<div class=\"fl col-12\">\n<div class=\"col col-10 col-ml-1 col-sm-12\">\n<div id=\"urun-tab\" class=\"fl col-12 mb\">\n<div class=\"col col-12\">\n<div class=\"row slide-wrapper\">\n<div class=\"fl col-12\">\n<ul id=\"tabPanel\" class=\"box col-12 fade\">\n<li class=\"fl ozellik current\">\n<div class=\"row\">\n<div id=\"productDetailTab\" class=\"col col-12 mb\">\n<div class=\"row mb\">\n<div>\n<p class=\"p1\"><strong>Pamuk Yorgan \u00d6zellikleri<\/strong><\/p>\n<ul>\n<li class=\"p1\">Do\u011fal\u00a0malzemeden u\u0308retilmi\u015ftir, beyin faaliyetlerine fizyolojik olarak olumlu etkide bulunur.<\/li>\n<\/ul>\n<ul>\n<li class=\"p1\">Pamu\u011fun tarladan yata\u011fa uzanan yolculu\u011fu, titizlik ile hijyen esaslar\u0131na g\u00f6re yap\u0131ld\u0131\u011f\u0131 i\u00e7in, insan sa\u011fl\u0131\u011f\u0131 i\u00e7in idealdir.<\/li>\n<\/ul>\n<ul>\n<li class=\"p1\">Vu\u0308cuda g\u00f6re kolay \u015fekil almas\u0131n\u0131n yan\u0131 s\u0131ra yumu\u015fakl\u0131\u011f\u0131 ile keyifli uykular sunar.<\/li>\n<\/ul>\n<ul>\n<li class=\"p1\">Ekstra bir bak\u0131m gerektirmemesi a\u00e7\u0131s\u0131ndan kullan\u0131m\u0131 kolayd\u0131r.<\/li>\n<\/ul>\n<ul>\n<li class=\"p1\">Y\u00fcksek nem ge\u00e7irgenli\u011fine sahiptir.<\/li>\n<\/ul>\n<ul>\n<li class=\"p1\">\u0130\u00e7eri\u011finde %70 Pamuk %30 Elyaf bulunur.<\/li>\n<li class=\"p1\">%100 pamuklu kuma\u015f<\/li>\n<li class=\"p1\">Toplam gramaj 400 gr.\/Adet<\/li>\n<\/ul>\n<p><strong>Y\u0131kama Talimatlar\u0131<\/strong><\/p>\n<ul>\n<li class=\"p1\">\n<p class=\"p1\">Makinede 30 derecede y\u0131kan\u0131r.<\/p>\n<\/li>\n<li class=\"p1\">\n<p class=\"p1\">A\u011fart\u0131c\u0131 kullan\u0131lmaz.<\/p>\n<\/li>\n<li class=\"p1\">\n<p class=\"p1\">Kurutma makinesinde kurutulmaz.<\/p>\n<\/li>\n<li class=\"p1\">\n<p class=\"p1\">Kuru temizleme yap\u0131labilir.<\/p>\n<\/li>\n<li class=\"p1\">\n<p class=\"p1\">\u00dctu\u0308lenmez.<\/p>\n<\/li>\n<li class=\"p1\">\n<p class=\"p1\">Sererek kurutulur.<\/p>\n<\/li>\n<\/ul>\n<p><strong>Ebatlar<\/strong><\/p>\n<ul>\n<li class=\"p1\">Tek Ki\u015filik (155\u00d7215 cm)<\/li>\n<li class=\"p1\">\u00c7ift Ki\u015filik (195\u00d7215 cm)<\/li>\n<li class=\"p1\">XL (215\u00d7235 cm)<\/li>\n<\/ul>\n<\/div>\n<\/div>\n<\/div>\n<\/div>\n<\/li>\n<\/ul>\n<\/div>\n<\/div>\n<\/div>\n<\/div>\n<\/div>\n<\/div>\n<\/div>\n<div id=\"pageScripts\"><\/div>\n<\/div>\n<\/header>\n<div id=\"oneCol\" class=\"contentWrapper col col-12\">\n<div id=\"content\" class=\"row\">\n<div class=\"inner\">\n<div id=\"mainColumn\" class=\"fl col-12\">\n<div id=\"list-catalog1043\" class=\"fl col-12 detaySlide\">\n<div class=\"fl col-12 mt\"><\/div>\n<\/div>\n<\/div>\n<\/div>\n<\/div>\n<\/div>\n","protected":false},"excerpt":{"rendered":"<p>Yorgan \u00d6l\u00e7\u00fc<\/p>\n<p>Tek Ki\u015filik<br \/>\n\u00c7ift Ki\u015filik<br \/>\nXL<\/p>\n","protected":false},"featured_media":781,"comment_status":"open","ping_status":"closed","template":"","meta":[],"product_cat":[26,43],"product_tag":[],"class_list":["post-780","product","type-product","status-publish","has-post-thumbnail","hentry","product_cat-yastik-yorgan","product_cat-yorganlar"],"_links":{"self":[{"href":"https:\/\/www.bulutoglugrup.com.tr\/isbir\/wp-json\/wp\/v2\/product\/780","targetHints":{"allow":["GET"]}}],"collection":[{"href":"https:\/\/www.bulutoglugrup.com.tr\/isbir\/wp-json\/wp\/v2\/product"}],"about":[{"href":"https:\/\/www.bulutoglugrup.com.tr\/isbir\/wp-json\/wp\/v2\/types\/product"}],"replies":[{"embeddable":true,"href":"https:\/\/www.bulutoglugrup.com.tr\/isbir\/wp-json\/wp\/v2\/comments?post=780"}],"wp:featuredmedia":[{"embeddable":true,"href":"https:\/\/www.bulutoglugrup.com.tr\/isbir\/wp-json\/wp\/v2\/media\/781"}],"wp:attachment":[{"href":"https:\/\/www.bulutoglugrup.com.tr\/isbir\/wp-json\/wp\/v2\/media?parent=780"}],"wp:term":[{"taxonomy":"product_cat","embeddable":true,"href":"https:\/\/www.bulutoglugrup.com.tr\/isbir\/wp-json\/wp\/v2\/product_cat?post=780"},{"taxonomy":"product_tag","embeddable":true,"href":"https:\/\/www.bulutoglugrup.com.tr\/isbir\/wp-json\/wp\/v2\/product_tag?post=780"}],"curies":[{"name":"wp","href":"https:\/\/api.w.org\/{rel}","templated":true}]}}