{"id":775,"date":"2023-11-21T03:06:09","date_gmt":"2023-11-21T00:06:09","guid":{"rendered":"https:\/\/www.bulutoglugrup.com.tr\/isbir\/?post_type=product&#038;p=775"},"modified":"2023-11-21T03:09:34","modified_gmt":"2023-11-21T00:09:34","slug":"yun-yorgan","status":"publish","type":"product","link":"https:\/\/www.bulutoglugrup.com.tr\/isbir\/urun\/yun-yorgan\/","title":{"rendered":"Y\u00fcn Yorgan"},"content":{"rendered":"<ul id=\"tabPanel\" class=\"box col-12 fade\">\n<li class=\"fl ozellik current\">\n<div class=\"row\">\n<div id=\"productDetailTab\" class=\"col col-12 mb\">\n<div class=\"row mb\">\n<div>\n<p class=\"p1\"><strong>\u00d6zellikler<\/strong><\/p>\n<ul>\n<li class=\"p2\">\u00dcru\u0308nu\u0308n i\u00e7eri\u011finde \u00f6zel \u0130ngiliz yu\u0308nu\u0308 kullan\u0131lm\u0131\u015ft\u0131r.<\/li>\n<\/ul>\n<ul>\n<li class=\"p2\">So\u011fu\u011fa ve s\u0131ca\u011fa kar\u015f\u0131 dayan\u0131kl\u0131 yap\u0131s\u0131yla d\u00f6rt mevsim kaliteli uyku deneyimi sunar.<\/li>\n<\/ul>\n<ul>\n<li class=\"p2\">Nemi emerek buharla\u015ft\u0131r\u0131r, bu sayede benzersiz bir uyku deneyimi ya\u015faman\u0131z\u0131 sa\u011flar.<\/li>\n<\/ul>\n<ul>\n<li class=\"p2\">Is\u0131y\u0131 e\u015fit da\u011f\u0131tan yap\u0131s\u0131yla yatak iklimini dengeler, alerji riskini azalt\u0131r.<\/li>\n<\/ul>\n<ul>\n<li class=\"p2\">\u0130nce, uzun ve k\u0131vr\u0131ml\u0131 lif \u00f6zelliklerinin yan\u0131 s\u0131ra nefes alan yap\u0131s\u0131yla sa\u011fl\u0131kl\u0131 bir uykunun kap\u0131lar\u0131n\u0131 aralar.<\/li>\n<li class=\"p2\">\n<p class=\"p1\">\u0130\u00e7eri\u011finde %50 \u0130ngiliz Yu\u0308nu\u0308 %50 Elyaf bulunur.<\/p>\n<\/li>\n<\/ul>\n<ul>\n<li class=\"p1\">%100 pamuklu kuma\u015f<\/li>\n<\/ul>\n<ul>\n<li class=\"p1\">Toplam gramaj 300 gr.\/Adet<\/li>\n<\/ul>\n<p><strong>Y\u0131kama Talimatlar\u0131<\/strong><\/p>\n<ul>\n<li class=\"p2\">Makinede 30 derecede y\u0131kan\u0131r.<\/li>\n<li class=\"p2\">A\u011fart\u0131c\u0131 kullan\u0131lmaz.<\/li>\n<li class=\"p2\">Kurutma makinesinde kurutulmaz.<\/li>\n<li class=\"p2\">Kuru temizleme yap\u0131labilir.<\/li>\n<li class=\"p2\">\u00dctu\u0308lenmez.<\/li>\n<li class=\"p2\">Sererek kurutulur.<\/li>\n<\/ul>\n<p><strong>Ebatlar<\/strong><\/p>\n<ul>\n<li class=\"p1\">Tek Ki\u015filik (155\u00d7215 cm)<\/li>\n<li class=\"p1\">\u00c7ift Ki\u015filik (195\u00d7215 cm)<\/li>\n<li class=\"p1\">XL (235\u00d7215 cm)<\/li>\n<\/ul>\n<\/div>\n<\/div>\n<\/div>\n<\/div>\n<\/li>\n<\/ul>\n","protected":false},"excerpt":{"rendered":"<p>Yorgan \u00d6l\u00e7\u00fc<\/p>\n<p>Tek Ki\u015filik<br \/>\n\u00c7ift Ki\u015filik<br \/>\nXL<\/p>\n","protected":false},"featured_media":776,"comment_status":"open","ping_status":"closed","template":"","meta":[],"product_cat":[26,43],"product_tag":[],"class_list":["post-775","product","type-product","status-publish","has-post-thumbnail","hentry","product_cat-yastik-yorgan","product_cat-yorganlar"],"_links":{"self":[{"href":"https:\/\/www.bulutoglugrup.com.tr\/isbir\/wp-json\/wp\/v2\/product\/775","targetHints":{"allow":["GET"]}}],"collection":[{"href":"https:\/\/www.bulutoglugrup.com.tr\/isbir\/wp-json\/wp\/v2\/product"}],"about":[{"href":"https:\/\/www.bulutoglugrup.com.tr\/isbir\/wp-json\/wp\/v2\/types\/product"}],"replies":[{"embeddable":true,"href":"https:\/\/www.bulutoglugrup.com.tr\/isbir\/wp-json\/wp\/v2\/comments?post=775"}],"wp:featuredmedia":[{"embeddable":true,"href":"https:\/\/www.bulutoglugrup.com.tr\/isbir\/wp-json\/wp\/v2\/media\/776"}],"wp:attachment":[{"href":"https:\/\/www.bulutoglugrup.com.tr\/isbir\/wp-json\/wp\/v2\/media?parent=775"}],"wp:term":[{"taxonomy":"product_cat","embeddable":true,"href":"https:\/\/www.bulutoglugrup.com.tr\/isbir\/wp-json\/wp\/v2\/product_cat?post=775"},{"taxonomy":"product_tag","embeddable":true,"href":"https:\/\/www.bulutoglugrup.com.tr\/isbir\/wp-json\/wp\/v2\/product_tag?post=775"}],"curies":[{"name":"wp","href":"https:\/\/api.w.org\/{rel}","templated":true}]}}