{"id":769,"date":"2023-11-21T03:02:45","date_gmt":"2023-11-21T00:02:45","guid":{"rendered":"https:\/\/www.bulutoglugrup.com.tr\/isbir\/?post_type=product&#038;p=769"},"modified":"2023-11-21T03:04:05","modified_gmt":"2023-11-21T00:04:05","slug":"kaztuyu-gold-yorgan","status":"publish","type":"product","link":"https:\/\/www.bulutoglugrup.com.tr\/isbir\/urun\/kaztuyu-gold-yorgan\/","title":{"rendered":"Kazt\u00fcy\u00fc Gold Yorgan"},"content":{"rendered":"<ul id=\"tabPanel\" class=\"box col-12 fade\">\n<li class=\"fl ozellik current\">\n<div class=\"row\">\n<div id=\"productDetailTab\" class=\"col col-12 mb\">\n<div class=\"row mb\">\n<div>\n<p>\u0130\u015fbir Yatak do\u011fal uykuyu kaz t\u00fcy\u00fcn\u00fcn hafif, yumu\u015fak ve esnek dokusuyla sizlere sunuyor. Kaz t\u00fcy\u00fcn\u00fcn y\u00fcksek termo g\u00fcc\u00fc sayesinde,\u00a0\u0131s\u0131 di\u011fer dolgu malzemelerine g\u00f6re iki bu\u00e7uk kat daha fazla korunur. Y\u00fcksek hava ge\u00e7irgenli\u011fi ile en ideal uyku konforunu sunar. Kaz t\u00fcy\u00fc, do\u011fal yap\u0131s\u0131yla s\u0131cakl\u0131k de\u011fi\u015fimlerine kar\u015f\u0131 v\u00fccudu korur, nemi ayarlar ve uyku i\u00e7in en uygun atmosferi olu\u015fturur.<\/p>\n<p>\u201cHygroscopic\u201d (nem emici) \u00f6zelli\u011fi sayesinde v\u00fccudun nefes almas\u0131n\u0131 sa\u011flar ve terletmez.<\/p>\n<p>Do\u011fal kaz t\u00fcy\u00fc dolgusu kullan\u0131ld\u0131\u011f\u0131ndan y\u0131kanabilir.%90 g\u0131d\u0131k t\u00fcy\u00fc i\u00e7eren 250 gr\/m<sup>2<\/sup>\u00a0kaz t\u00fcy\u00fc kullan\u0131larak yumu\u015fakl\u0131k ve s\u0131cakl\u0131k sa\u011flanm\u0131\u015ft\u0131r.<\/p>\n<p>%100 pamuklu kuma\u015f\u0131 ve kaz t\u00fcy\u00fc dolgusuyla terletmez.<\/p>\n<p>Kaz t\u00fcy\u00fc do\u011fal yap\u0131s\u0131yla s\u0131cakl\u0131k de\u011fi\u015fimlerine kar\u015f\u0131 v\u00fccudu korur, nemi ayarlar ve uyku i\u00e7in en uygun atmosferi olu\u015fturur.<\/p>\n<p>\u00c7ift katmanl\u0131 yap\u0131s\u0131yla dolgunlu\u011funu daima korur.<\/p>\n<p>Tek Ki\u015filik\u00a0155*215\u00a0 \u00c7ift Ki\u015filik\u00a0195*215<\/p>\n<\/div>\n<\/div>\n<\/div>\n<\/div>\n<\/li>\n<\/ul>\n","protected":false},"excerpt":{"rendered":"<p>Yorgan \u00d6l\u00e7\u00fc<\/p>\n<p>Tek Ki\u015filik<br \/>\n\u00c7ift Ki\u015filik<\/p>\n","protected":false},"featured_media":770,"comment_status":"open","ping_status":"closed","template":"","meta":[],"product_cat":[26,43],"product_tag":[],"class_list":["post-769","product","type-product","status-publish","has-post-thumbnail","hentry","product_cat-yastik-yorgan","product_cat-yorganlar"],"_links":{"self":[{"href":"https:\/\/www.bulutoglugrup.com.tr\/isbir\/wp-json\/wp\/v2\/product\/769","targetHints":{"allow":["GET"]}}],"collection":[{"href":"https:\/\/www.bulutoglugrup.com.tr\/isbir\/wp-json\/wp\/v2\/product"}],"about":[{"href":"https:\/\/www.bulutoglugrup.com.tr\/isbir\/wp-json\/wp\/v2\/types\/product"}],"replies":[{"embeddable":true,"href":"https:\/\/www.bulutoglugrup.com.tr\/isbir\/wp-json\/wp\/v2\/comments?post=769"}],"wp:featuredmedia":[{"embeddable":true,"href":"https:\/\/www.bulutoglugrup.com.tr\/isbir\/wp-json\/wp\/v2\/media\/770"}],"wp:attachment":[{"href":"https:\/\/www.bulutoglugrup.com.tr\/isbir\/wp-json\/wp\/v2\/media?parent=769"}],"wp:term":[{"taxonomy":"product_cat","embeddable":true,"href":"https:\/\/www.bulutoglugrup.com.tr\/isbir\/wp-json\/wp\/v2\/product_cat?post=769"},{"taxonomy":"product_tag","embeddable":true,"href":"https:\/\/www.bulutoglugrup.com.tr\/isbir\/wp-json\/wp\/v2\/product_tag?post=769"}],"curies":[{"name":"wp","href":"https:\/\/api.w.org\/{rel}","templated":true}]}}