{"id":762,"date":"2023-11-21T02:55:16","date_gmt":"2023-11-20T23:55:16","guid":{"rendered":"https:\/\/www.bulutoglugrup.com.tr\/isbir\/?post_type=product&#038;p=762"},"modified":"2023-11-21T02:58:51","modified_gmt":"2023-11-20T23:58:51","slug":"huga-agirlikli-battaniye","status":"publish","type":"product","link":"https:\/\/www.bulutoglugrup.com.tr\/isbir\/urun\/huga-agirlikli-battaniye\/","title":{"rendered":"Huga A\u011f\u0131rl\u0131kl\u0131 Battaniye"},"content":{"rendered":"<h2><strong>Huga Sadece Bir Battaniye De\u011fil\u2026<\/strong><\/h2>\n<p>&#8211; Hygge, \u0130skandinav k\u00fclt\u00fcr\u00fcnde yasama sanat\u0131 anlam\u0131na gelmektedir. Huga A\u011f\u0131rl\u0131kl\u0131 Battaniye ise \u0130skandinavlar\u0131n so\u011fuk g\u00fcnlerde battaniyelerine sar\u0131lmalar\u0131ndan esinlenerek do\u011fmu\u015ftur.<\/p>\n<p>&#8211; Ge\u00e7mi\u015fi uzun y\u0131llara dayanan a\u011f\u0131rl\u0131kl\u0131 battaniye, ilk kez terapistler taraf\u0131ndan \u2018\u2019Duyusal B\u00fct\u00fcnle\u015ftirme\u2019\u2019 tedavisinde \u00e7ocuklar i\u00e7in kullan\u0131l\u0131rken, etkileri ve faydalar\u0131 ile g\u00fcn\u00fcm\u00fczde her yastan insan\u0131n keyifle kulland\u0131\u011f\u0131 bir \u00fcr\u00fcn haline gelmi\u015ftir.<\/p>\n<p>&#8211; Daha kaliteli bir uyku i\u00e7in, Aile Terapi Merkezleri, Is Terapisi Uzmanlar\u0131 ve Uyku Sa\u011fl\u0131\u011f\u0131 Uzmanlar\u0131 \u00f6neriyor\u2026<\/p>\n<h2><strong>Sar\u0131lmay\u0131 Hisset\u2026<\/strong><\/h2>\n<h2>Faydalar\u0131<\/h2>\n<p>&#8211; Kucaklamaya benzer yumu\u015fak bir a\u011f\u0131rl\u0131k olu\u015fturarak derin cilt resept\u00f6rlerini uyar\u0131r ve iyi hissettiren (serotonin, melatonin) hormonlar\u0131n salg\u0131lanmas\u0131na yard\u0131mc\u0131 olur.<br \/>\n&#8211; Stresi azaltmaya yard\u0131mc\u0131 olur.<br \/>\n&#8211; Sakinle\u015ftirici ve rahatlat\u0131c\u0131 bir etki sunar.<br \/>\n&#8211; Uyanma s\u0131kl\u0131\u011f\u0131n\u0131 azalt\u0131r.<br \/>\n&#8211; S\u0131cac\u0131k ve yumu\u015fak bir uyku deneyimi sunar.<br \/>\n&#8211; Huzurlu, dinlenmi\u015f, stresten uzak, mutlu bir g\u00fcne uyanman\u0131z\u0131 sa\u011flar.<br \/>\n&#8211; Huga A\u011f\u0131rl\u0131kl\u0131 B\u00e2t\u0131niye\u2019nin a\u011f\u0131rl\u0131\u011f\u0131, uyku boyunca istemsiz d\u00f6n\u00fc\u015flerin azalmas\u0131na yard\u0131mc\u0131 olur.<br \/>\n&#8211; Do\u011fal bir y\u00f6ntemle oksitosin, seratonin, uyku hormonu olan melatonin salg\u0131lanmas\u0131na yard\u0131mc\u0131 olur.<br \/>\n&#8211; Uygulad\u0131\u011f\u0131 bas\u0131, v\u00fccudun pozitif enerji vermesini sa\u011flayarak nefes al\u0131\u015fveri\u015finin ve kan bas\u0131nc\u0131n\u0131n d\u00fczenlenmesine yard\u0131mc\u0131 olur.<br \/>\n&#8211; V\u00fccuttaki kortizol hormon seviyesini dengede tutmaya yard\u0131mc\u0131 olarak uykuya dalmay\u0131 kolayla\u015ft\u0131r\u0131r.<br \/>\n&#8211; Derin ve kesintisiz bir uyku ortam\u0131 sunar.<br \/>\n&#8211; Kaslar\u0131 gev\u015fetmeye y\u00f6nelik \u00f6zellikli yap\u0131s\u0131 ile parasempatik sinir sistemini uyararak rahatlamaya yard\u0131mc\u0131 olur.<br \/>\n&#8211; \u00d6zel dikim tekni\u011fi ile battaniyenin i\u00e7erisine yerle\u015ftirilen \u00f6zel a\u011f\u0131rl\u0131klar, derin bas\u0131n\u00e7 sim\u00fclasyonunu harekete ge\u00e7irerek sar\u0131lma hissi olu\u015fturur.<br \/>\n&#8211; Kayg\u0131 ve stres seviyesini azaltmaya yard\u0131mc\u0131 olur.<br \/>\n&#8211; Duyusal isleme bozuklu\u011fu olan \u00e7ocuklar\u0131n tedavilerinin, derin bas\u0131n\u00e7 uyar\u0131m\u0131 ile desteklenmesine yard\u0131mc\u0131 olarak uyku kalitesini art\u0131r\u0131r.<br \/>\n&#8211; Bacaklardaki kaslar ve sinirler \u00fczerindeki etkisiyle, bacak kaslar\u0131n\u0131n gev\u015femesine, gerginli\u011fin azalmas\u0131na yard\u0131mc\u0131 olur.<br \/>\n&#8211; A\u011f\u0131rl\u0131kl\u0131 battaniyenin i\u00e7erisine dikilen \u00f6zel a\u011f\u0131rl\u0131klar omuz ve s\u0131rt gibi noktalara hafif bir bask\u0131 uygular.<br \/>\n&#8211; Olu\u015fan bu bas\u0131 kas gerginli\u011fi ve eklem a\u011fr\u0131s\u0131n\u0131 hafifleterek masaj etkilerine benzer bir rahatlama sa\u011flar.<br \/>\n&#8211; Fibromiyalji (kronik a\u011fr\u0131, yorgunluk, kas, eklem sertli\u011fi ve uyku bozukluklar\u0131) olanlarda stres, fiziksel rahats\u0131zl\u0131klarla m\u00fccadele ve uykusuzlu\u011fun do\u011fal y\u00f6ntemlerle tedavisinde kullan\u0131l\u0131r.<br \/>\n&#8211; Faydalar\u0131 ve tedavi edici etkileri ile kronik uyku problemi, insomnia gibi rahats\u0131zl\u0131klarda uykuya ge\u00e7i\u015f s\u00fcrecini h\u0131zland\u0131rmaya yard\u0131mc\u0131 olur.<br \/>\n&#8211; Sa\u011flad\u0131\u011f\u0131 rahatlama hissi ile rahat bir uyku deneyimi sunar.<\/p>\n<h2><strong>Teknik \u00d6zellikleri<\/strong><\/h2>\n<p>&#8211; Homojen \u015fekilde yerle\u015ftirilen \u00f6zel a\u011f\u0131rl\u0131klardan olu\u015fmaktad\u0131r.<br \/>\n&#8211; \u0130\u00e7erisinde kullan\u0131lan g\u0131da temas\u0131na uygun gran\u00fcller, \u00f6zel dikim tekni\u011fi ile battaniyenin i\u00e7erisine e\u015fit oranda da\u011f\u0131t\u0131larak sabitlenmektedir.<br \/>\n&#8211; Huga A\u011f\u0131rl\u0131kl\u0131 Battaniye, yumu\u015fakl\u0131k ve s\u0131cakl\u0131k hissini \u00fczerinde bar\u0131nd\u0131ran welsoft, pamuklu, saten kuma\u015ftan \u00fcretilmektedir.<br \/>\n&#8211; Kullan\u0131c\u0131n\u0131n bu a\u011f\u0131rl\u0131klardan maksimum derecede faydalanabilmesi i\u00e7in \u00e7ocuk battaniyeleri, gen\u00e7lere \u00f6zel battaniyeler ve yeti\u015fkin battaniyeleri olmak \u00fczere 2 farkl\u0131 ebatta, 3 farkl\u0131 a\u011f\u0131rl\u0131kta \u00fcretilmektedir.<br \/>\n&#8211; Huga A\u011f\u0131rl\u0131kl\u0131 Battaniye kullan\u0131c\u0131s\u0131n\u0131n a\u011f\u0131rl\u0131\u011f\u0131na g\u00f6re se\u00e7ilmelidir. V\u00fccut a\u011f\u0131rl\u0131\u011f\u0131n\u0131z\u0131n %7-12\u2019si olacak \u015fekilde tercih edilmelidir.<br \/>\n&#8211; Cilde dost kumas\u0131 nefes al\u0131r, terletmez.<br \/>\n&#8211; \u00dcr\u00fcn tek ki\u015filiktir.<br \/>\n&#8211; 30 derece s\u0131cakl\u0131kta, makinede d\u00fc\u015f\u00fck devirde y\u0131kanabilir.<br \/>\n&#8211; Sererek kurutulur. Kurutma makinesi tavsiye edilmez.<\/p>\n<p>&nbsp;<\/p>\n<table>\n<tbody>\n<tr>\n<td><strong>Tavsiye edilen kullan\u0131c\u0131 aral\u0131\u011f\u0131<\/strong><\/p>\n<p>Recommended userr until<\/td>\n<td><strong>Ag\u0131rl\u0131k<\/strong><\/p>\n<p>Weights<\/td>\n<td><strong>Ebatlar<\/strong><\/p>\n<p>Sizes<\/td>\n<\/tr>\n<tr>\n<td>Yetiskinler<\/p>\n<p>Adults<\/td>\n<td>6 kg<\/td>\n<td>153&#215;203 cm<\/td>\n<\/tr>\n<tr>\n<td>Gen\u00e7ler ve v\u00fccut ag\u0131rl\u0131g\u0131<\/p>\n<p>d\u00fcs\u00fck olan yetiskinler<\/p>\n<p>Teenagers and adults with<\/p>\n<p>low body weight<\/td>\n<td>4 kg<\/td>\n<td>153&#215;203 cm<\/td>\n<\/tr>\n<tr>\n<td>\u00c7ocuklar<\/p>\n<p>Kids<\/td>\n<td>2,5 kg<\/td>\n<td>110&#215;150 cm<\/td>\n<\/tr>\n<\/tbody>\n<\/table>\n","protected":false},"excerpt":{"rendered":"<p>Ebat\/Boyut<\/p>\n<p>2,5 kg<br \/>\n4 kg<br \/>\n6 kg<\/p>\n","protected":false},"featured_media":763,"comment_status":"open","ping_status":"closed","template":"","meta":[],"product_cat":[26,43],"product_tag":[],"class_list":["post-762","product","type-product","status-publish","has-post-thumbnail","hentry","product_cat-yastik-yorgan","product_cat-yorganlar"],"_links":{"self":[{"href":"https:\/\/www.bulutoglugrup.com.tr\/isbir\/wp-json\/wp\/v2\/product\/762","targetHints":{"allow":["GET"]}}],"collection":[{"href":"https:\/\/www.bulutoglugrup.com.tr\/isbir\/wp-json\/wp\/v2\/product"}],"about":[{"href":"https:\/\/www.bulutoglugrup.com.tr\/isbir\/wp-json\/wp\/v2\/types\/product"}],"replies":[{"embeddable":true,"href":"https:\/\/www.bulutoglugrup.com.tr\/isbir\/wp-json\/wp\/v2\/comments?post=762"}],"wp:featuredmedia":[{"embeddable":true,"href":"https:\/\/www.bulutoglugrup.com.tr\/isbir\/wp-json\/wp\/v2\/media\/763"}],"wp:attachment":[{"href":"https:\/\/www.bulutoglugrup.com.tr\/isbir\/wp-json\/wp\/v2\/media?parent=762"}],"wp:term":[{"taxonomy":"product_cat","embeddable":true,"href":"https:\/\/www.bulutoglugrup.com.tr\/isbir\/wp-json\/wp\/v2\/product_cat?post=762"},{"taxonomy":"product_tag","embeddable":true,"href":"https:\/\/www.bulutoglugrup.com.tr\/isbir\/wp-json\/wp\/v2\/product_tag?post=762"}],"curies":[{"name":"wp","href":"https:\/\/api.w.org\/{rel}","templated":true}]}}