{"id":598,"date":"2023-11-20T23:11:28","date_gmt":"2023-11-20T20:11:28","guid":{"rendered":"https:\/\/www.bulutoglugrup.com.tr\/isbir\/?post_type=product&#038;p=598"},"modified":"2023-11-20T23:13:12","modified_gmt":"2023-11-20T20:13:12","slug":"leo-evcil-hayvan-yatagi-thor-krem","status":"publish","type":"product","link":"https:\/\/www.bulutoglugrup.com.tr\/isbir\/urun\/leo-evcil-hayvan-yatagi-thor-krem\/","title":{"rendered":"Leo Evcil Hayvan Yata\u011f\u0131 Thor Krem"},"content":{"rendered":"<div id=\"mobileTabBtn\" class=\"row mb\">\n<ul id=\"tabBtn\" class=\"fl col-12\">\n<li class=\"pos-r fl btn mr loaded active\">\u00dcr\u00fcn \u00d6zellikleri<\/li>\n<li id=\"paymentTab\" class=\"pos-r btn mr\" data-href=\"\/srv\/service\/product-detail\/payment-options\/398\/2604\">\u00d6deme Se\u00e7enekleri<\/li>\n<li class=\"pos-r fl btn mr\">Kampanyalar<\/li>\n<li class=\"pos-r fl btn mr\" data-href=\"\/srv\/service\/content\/get-block\/1018\/content\/1\">Teslimat ve \u0130ade Ko\u015fullar\u0131<\/li>\n<li id=\"commentTab\" class=\"pos-r btn mr\" data-href=\"\/srv\/service\/content\/get\/1004\/comment\/398\">Yorumlar<\/li>\n<\/ul>\n<\/div>\n<div class=\"row slide-wrapper\">\n<div class=\"fl col-12\">\n<ul id=\"tabPanel\" class=\"box col-12 fade\">\n<li class=\"fl ozellik current\">\n<div class=\"row\">\n<div id=\"productDetailTab\" class=\"col col-12 mb\">\n<div class=\"row mb\">\n<h3>Leo Evcil Hayvan Yata\u011f\u0131<\/h3>\n<p>T\u00fcrkiye\u2019nin Yatak Uzman\u0131 \u0130\u015fbir Yatak, en yak\u0131n dostlar\u0131m\u0131z\u0131n uyku kalitesini art\u0131rmak i\u00e7in tasarlad\u0131\u011f\u0131 \u0130\u015fbir Pati koleksiyonu ile evcil hayvan dostlar\u0131m\u0131za rahatl\u0131k ve ergonomi sunar.<\/p>\n<p>\u0130\u015fbir Pati koleksiyonunda bulunan yataklar, en yak\u0131n dostlar\u0131m\u0131z\u0131n keyif alarak daha uzun s\u00fcre uyumas\u0131n\u0131 sa\u011flar.<\/p>\n<p>Farkl\u0131 boy ve renklerde \u00fcretilen evcil hayvan yataklar\u0131 \u015f\u0131k dekorasyonu ile de ya\u015fam alanlar\u0131n\u0131za uyum sa\u011flar.<\/p>\n<p>Patili dostlar\u0131n\u0131z\u0131n hareketli yap\u0131s\u0131 d\u00fc\u015f\u00fcn\u00fclerek \u00fcretilen yataklar ergonomik olmas\u0131n\u0131n yan\u0131 s\u0131ra kayd\u0131rmaz tabanlar\u0131 ile de evcil hayvan dostlar\u0131n\u0131za ideal uyku ortam\u0131 olu\u015fturur.<\/p>\n<h3>\u00dcr\u00fcn \u00d6zellikleri<\/h3>\n<ul>\n<li>\u00dcr\u00fcn\u00fcn taban\u0131nda\u00a0 5 cm \u00d6zel \u0130\u015fbir S\u00fcnger ve\u00a0 \u00fcst k\u0131sm\u0131nda 2 cm Viscostar Konfor katman kullan\u0131lm\u0131\u015ft\u0131r.<\/li>\n<\/ul>\n<ul>\n<li>Yan desteklerde 15 cm Destekleyici S\u00fcnger kullan\u0131lm\u0131\u015ft\u0131r.<\/li>\n<\/ul>\n<ul>\n<li>Evcil hayvan dostlar\u0131m\u0131z\u0131n\u00a0t\u0131rmalamalar\u0131 sonucunda y\u0131rt\u0131lmaz s\u00f6k\u00fclmez ve deforme olmaz<\/li>\n<\/ul>\n<ul>\n<li>Suya dayan\u0131kl\u0131 Thor kuma\u015ftan \u00fcretilmi\u015ftir.<\/li>\n<\/ul>\n<ul>\n<li>En yak\u0131n dostumuza risk te\u015fkil etmemesi i\u00e7in gizli fermuar kullan\u0131lm\u0131\u015ft\u0131r<\/li>\n<\/ul>\n<ul>\n<li>Y\u0131kanabilir d\u0131\u015f k\u0131l\u0131f\u0131 hijyen ve kullan\u0131m kolayl\u0131\u011f\u0131 sunar.<\/li>\n<\/ul>\n<ul>\n<li>Kaymaz taban\u0131 ile rahat ve ergonomiktir.<\/li>\n<\/ul>\n<ul>\n<li>Elde so\u011fuk suda veya makinede 30\u00b0 y\u0131kanabilir.<\/li>\n<\/ul>\n<ul>\n<li>D\u00fc\u015f\u00fck seviyede kurutulabilir.<\/li>\n<\/ul>\n<\/div>\n<\/div>\n<\/div>\n<\/li>\n<\/ul>\n<\/div>\n<\/div>\n","protected":false},"excerpt":{"rendered":"<p>\u00d6l\u00e7\u00fc:<br \/>\n60&#215;95 cm (S)<br \/>\n70&#215;115 cm (M)<\/p>\n","protected":false},"featured_media":599,"comment_status":"open","ping_status":"closed","template":"","meta":[],"product_cat":[30],"product_tag":[],"class_list":["post-598","product","type-product","status-publish","has-post-thumbnail","hentry","product_cat-isbir-pati"],"_links":{"self":[{"href":"https:\/\/www.bulutoglugrup.com.tr\/isbir\/wp-json\/wp\/v2\/product\/598","targetHints":{"allow":["GET"]}}],"collection":[{"href":"https:\/\/www.bulutoglugrup.com.tr\/isbir\/wp-json\/wp\/v2\/product"}],"about":[{"href":"https:\/\/www.bulutoglugrup.com.tr\/isbir\/wp-json\/wp\/v2\/types\/product"}],"replies":[{"embeddable":true,"href":"https:\/\/www.bulutoglugrup.com.tr\/isbir\/wp-json\/wp\/v2\/comments?post=598"}],"wp:featuredmedia":[{"embeddable":true,"href":"https:\/\/www.bulutoglugrup.com.tr\/isbir\/wp-json\/wp\/v2\/media\/599"}],"wp:attachment":[{"href":"https:\/\/www.bulutoglugrup.com.tr\/isbir\/wp-json\/wp\/v2\/media?parent=598"}],"wp:term":[{"taxonomy":"product_cat","embeddable":true,"href":"https:\/\/www.bulutoglugrup.com.tr\/isbir\/wp-json\/wp\/v2\/product_cat?post=598"},{"taxonomy":"product_tag","embeddable":true,"href":"https:\/\/www.bulutoglugrup.com.tr\/isbir\/wp-json\/wp\/v2\/product_tag?post=598"}],"curies":[{"name":"wp","href":"https:\/\/api.w.org\/{rel}","templated":true}]}}