{"id":580,"date":"2023-11-20T22:58:11","date_gmt":"2023-11-20T19:58:11","guid":{"rendered":"https:\/\/www.bulutoglugrup.com.tr\/isbir\/?post_type=product&#038;p=580"},"modified":"2023-11-21T02:59:52","modified_gmt":"2023-11-20T23:59:52","slug":"quallofil-air-allerban-bebek-yorgani","status":"publish","type":"product","link":"https:\/\/www.bulutoglugrup.com.tr\/isbir\/urun\/quallofil-air-allerban-bebek-yorgani\/","title":{"rendered":"Quallofil Air Allerban Bebek Yorgan\u0131"},"content":{"rendered":"<ul id=\"tabPanel\" class=\"box col-12 fade\">\n<li class=\"fl ozellik current\">\n<div class=\"row\">\n<div id=\"productDetailTab\" class=\"col col-12 mb\">\n<div class=\"row mb\">Uzun \u00f6m\u00fcrl\u00fc kullan\u0131m sunan Quallofil\u00ae Air Allerban\u00ae bebek yorgan ve yast\u0131klar\u0131 lisansl\u0131 \u00fcr\u00fcn olarak Dacron\u00ae kalite standartlar\u0131 \u00e7er\u00e7evesinde g\u00fcvenle tercih ediliyor. Minimum a\u011f\u0131rl\u0131k ve m\u00fckemmel hava sirk\u00fclasyonu i\u00e7in tasarlanan dolgu malzemesi, nem birikmesini azaltarak ideal bir mikroklima etkisi ve hafiflik sa\u011fl\u0131yor\u2026<\/div>\n<\/div>\n<\/div>\n<\/li>\n<\/ul>\n","protected":false},"excerpt":{"rendered":"<p>Uzun \u00f6m\u00fcrl\u00fc kullan\u0131m sunan Quallofil\u00ae Air Allerban\u00ae bebek yorgan ve yast\u0131klar\u0131 lisansl\u0131 \u00fcr\u00fcn olarak Dacron\u00ae kalite standartlar\u0131 \u00e7er\u00e7evesinde g\u00fcvenle tercih ediliyor. Minimum a\u011f\u0131rl\u0131k ve m\u00fckemmel hava<span class=\"excerpt-hellip\"> [\u2026]<\/span><\/p>\n","protected":false},"featured_media":581,"comment_status":"open","ping_status":"closed","template":"","meta":[],"product_cat":[64,29,26,43],"product_tag":[],"class_list":["post-580","product","type-product","status-publish","has-post-thumbnail","hentry","product_cat-bebek-cocuk-yorgan","product_cat-isbir-junior","product_cat-yastik-yorgan","product_cat-yorganlar"],"_links":{"self":[{"href":"https:\/\/www.bulutoglugrup.com.tr\/isbir\/wp-json\/wp\/v2\/product\/580","targetHints":{"allow":["GET"]}}],"collection":[{"href":"https:\/\/www.bulutoglugrup.com.tr\/isbir\/wp-json\/wp\/v2\/product"}],"about":[{"href":"https:\/\/www.bulutoglugrup.com.tr\/isbir\/wp-json\/wp\/v2\/types\/product"}],"replies":[{"embeddable":true,"href":"https:\/\/www.bulutoglugrup.com.tr\/isbir\/wp-json\/wp\/v2\/comments?post=580"}],"wp:featuredmedia":[{"embeddable":true,"href":"https:\/\/www.bulutoglugrup.com.tr\/isbir\/wp-json\/wp\/v2\/media\/581"}],"wp:attachment":[{"href":"https:\/\/www.bulutoglugrup.com.tr\/isbir\/wp-json\/wp\/v2\/media?parent=580"}],"wp:term":[{"taxonomy":"product_cat","embeddable":true,"href":"https:\/\/www.bulutoglugrup.com.tr\/isbir\/wp-json\/wp\/v2\/product_cat?post=580"},{"taxonomy":"product_tag","embeddable":true,"href":"https:\/\/www.bulutoglugrup.com.tr\/isbir\/wp-json\/wp\/v2\/product_tag?post=580"}],"curies":[{"name":"wp","href":"https:\/\/api.w.org\/{rel}","templated":true}]}}