{"id":552,"date":"2023-11-20T22:37:02","date_gmt":"2023-11-20T19:37:02","guid":{"rendered":"https:\/\/www.bulutoglugrup.com.tr\/isbir\/?post_type=product&#038;p=552"},"modified":"2023-11-20T22:39:28","modified_gmt":"2023-11-20T19:39:28","slug":"bobo","status":"publish","type":"product","link":"https:\/\/www.bulutoglugrup.com.tr\/isbir\/urun\/bobo\/","title":{"rendered":"Bobo"},"content":{"rendered":"<h3>En de\u011ferliniz i\u00e7in tasarland\u0131.<\/h3>\n<ul>\n<li style=\"list-style-type: none;\">\n<ul>\n<li>Yatak Y\u00fcksekli\u011fi:\u00a0<strong>15 cm<\/strong>&#8216;dir.<\/li>\n<li>Garanti S\u00fcresi:\u00a0<strong>2+3 Y\u0131l<\/strong><\/li>\n<li>Sa\u011fl\u0131kl\u0131 bir uyku, omurgaya tam uyum sa\u011flayan yatak se\u00e7imiyle ba\u015fl\u0131yor. Bobo yatak, 7 b\u00f6lgeli \u00f6zel tasar\u0131ma sahip destek katman\u0131yla bebe\u011finizin\/\u00e7ocu\u011funuzun geli\u015fmekte olan omurgas\u0131na tam uyum sa\u011fl\u0131yor ve onu sa\u011fl\u0131kl\u0131 uykularla bulu\u015fturuyor.<\/li>\n<li>\u00dcst y\u00fczeyindeki y\u00fcksek hava ge\u00e7irgenli\u011fine sahip Hygiene+ dolgu katman\u0131 yata\u011f\u0131n hijyenik yap\u0131s\u0131n\u0131 uzun s\u00fcre korumas\u0131n\u0131 sa\u011flar.<\/li>\n<li>7 b\u00f6lgeli destek katman\u0131 omurgan\u0131n do\u011fal e\u011fimine uyum sa\u011flar, \u00f6zel kesimi sayesinde y\u00fcksek hava ge\u00e7irgenli\u011fine sahiptir.<\/li>\n<li>Okalipt\u00fcs ve Hu\u015f a\u011fa\u00e7lar\u0131n\u0131n \u00f6z\u00fcnden elde edilen do\u011fal ipliklerle olu\u015fturulmu\u015f viskonlu \u00f6rme kuma\u015f\u0131 y\u00fcksek nefes alma \u00f6zelli\u011fine sahiptir.<\/li>\n<li>Cilt dostu kuma\u015f\u0131 yumu\u015fakl\u0131k hissini daima \u00fcst\u00fcnde ta\u015f\u0131r, terletmez.<\/li>\n<\/ul>\n<\/li>\n<\/ul>\n","protected":false},"excerpt":{"rendered":"<div id=\"productInfo\" class=\"col col-12 p-left\">\n<div class=\"col col-12 text-title text-short\">\n<div id=\"productInfo\" class=\"col col-12 p-left\">\n<div class=\"col col-12 text-title text-short\">\u00c7ift Y\u00fczeyli Do\u011fal \u0130\u00e7erikli Junior Yatak<\/div>\n<\/div>\n<\/div>\n<\/div>\n<p>\u00d6l\u00e7\u00fcler:<\/p>\n<p>60&#215;120<br \/>\n70&#215;110<br \/>\n70&#215;120<br \/>\n70&#215;130<br \/>\n70&#215;140<br \/>\n70&#215;160<br \/>\n70&#215;180<br \/>\n80&#215;130<br \/>\n80&#215;140<br \/>\n80&#215;180<\/p>\n","protected":false},"featured_media":553,"comment_status":"open","ping_status":"closed","template":"","meta":[],"product_cat":[62,29],"product_tag":[],"class_list":["post-552","product","type-product","status-publish","has-post-thumbnail","hentry","product_cat-bebek-cocuk-yataklari","product_cat-isbir-junior"],"_links":{"self":[{"href":"https:\/\/www.bulutoglugrup.com.tr\/isbir\/wp-json\/wp\/v2\/product\/552","targetHints":{"allow":["GET"]}}],"collection":[{"href":"https:\/\/www.bulutoglugrup.com.tr\/isbir\/wp-json\/wp\/v2\/product"}],"about":[{"href":"https:\/\/www.bulutoglugrup.com.tr\/isbir\/wp-json\/wp\/v2\/types\/product"}],"replies":[{"embeddable":true,"href":"https:\/\/www.bulutoglugrup.com.tr\/isbir\/wp-json\/wp\/v2\/comments?post=552"}],"wp:featuredmedia":[{"embeddable":true,"href":"https:\/\/www.bulutoglugrup.com.tr\/isbir\/wp-json\/wp\/v2\/media\/553"}],"wp:attachment":[{"href":"https:\/\/www.bulutoglugrup.com.tr\/isbir\/wp-json\/wp\/v2\/media?parent=552"}],"wp:term":[{"taxonomy":"product_cat","embeddable":true,"href":"https:\/\/www.bulutoglugrup.com.tr\/isbir\/wp-json\/wp\/v2\/product_cat?post=552"},{"taxonomy":"product_tag","embeddable":true,"href":"https:\/\/www.bulutoglugrup.com.tr\/isbir\/wp-json\/wp\/v2\/product_tag?post=552"}],"curies":[{"name":"wp","href":"https:\/\/api.w.org\/{rel}","templated":true}]}}