{"id":5197,"date":"2024-09-30T19:44:02","date_gmt":"2024-09-30T16:44:02","guid":{"rendered":"https:\/\/www.bulutoglugrup.com.tr\/enza\/?post_type=product&#038;p=5197"},"modified":"2024-09-30T19:50:17","modified_gmt":"2024-09-30T16:50:17","slug":"lima-2","status":"publish","type":"product","link":"https:\/\/www.bulutoglugrup.com.tr\/enza\/urun\/lima-2\/","title":{"rendered":"Lima"},"content":{"rendered":"<div class=\"product-info__description\">\n<div class=\"product-info__description\">\n<div class=\"product-info__description\">\n<div class=\"product-info__description\">\n<div class=\"product-info__description\">\n<div class=\"product-info__description\">\n<div class=\"product-info__description\">\n<div class=\"product-info__description\">\n<div class=\"product-info__description\">\n<div class=\"product-info__description\">\n<div class=\"product-info__description\">\n<div class=\"product-info__description\">\n<div class=\"product-info__description\">\n<div class=\"product-info__description\">\n<div class=\"product-info__description\">\n<div class=\"product-info__description\">Sandalye, Suni Deri Kuma\u015f 40110 Gri<\/div>\n<div class=\"product-info__price\">\n<div class=\"product-info__price-base\"><\/div>\n<\/div>\n<\/div>\n<\/div>\n<\/div>\n<\/div>\n<\/div>\n<\/div>\n<\/div>\n<\/div>\n<\/div>\n<\/div>\n<\/div>\n<\/div>\n<\/div>\n<\/div>\n<\/div>\n","protected":false},"excerpt":{"rendered":"<p><b>\u015e\u0131k ve Fonksiyonel Tasar\u0131m<\/b><br \/>\nModern ve zarif tarz\u0131yla dikkat \u00e7eken LIMA SANDALYE, ah\u015fap ayak uygulamas\u0131 ve kuma\u015f kapl\u0131 tasar\u0131m\u0131yla farkl\u0131 koleksiyonlara \u015f\u0131k bir bi\u00e7imde uyum sa\u011fl\u0131yor. Ergonomik bir destek sa\u011flayan kavisli s\u0131rt formu rahat bir oturum deneyimi sunan LIMA SANDALYE, nitelikli tasar\u0131m detaylar\u0131 ve zarafetiyle modern ya\u015fam alanlar\u0131nda vazge\u00e7ilmez bir par\u00e7a haline gelecek.<\/p>\n<div class=\"main-title\">Teknik Bilgiler<\/div>\n<table>\n<tbody>\n<tr>\n<th>Y\u00fckseklik (mm) :<\/th>\n<td class=\"js-combine-feature -e-height\">865<\/td>\n<\/tr>\n<tr>\n<th>Geni\u015flik (mm) :<\/th>\n<td class=\"js-combine-feature -e-width\">500<\/td>\n<\/tr>\n<tr>\n<th>Derinlik (mm) :<\/th>\n<td class=\"js-combine-feature -e-depth\">664<\/td>\n<\/tr>\n<tr>\n<th>Ayak \/ Baza Y\u00fckseklik (mm) :<\/th>\n<td class=\"js-combine-feature -leg-base-height\">400<\/td>\n<\/tr>\n<tr>\n<th>Ta\u015f\u0131ma Kapasitesi (kg) :<\/th>\n<td>350<\/td>\n<\/tr>\n<tr>\n<th>Sandalye Oturum Derinlik (mm) :<\/th>\n<td>470<\/td>\n<\/tr>\n<tr>\n<th>Sandalye S\u0131rt Y\u00fckseklik (mm) :<\/th>\n<td>385<\/td>\n<\/tr>\n<\/tbody>\n<\/table>\n","protected":false},"featured_media":5198,"template":"","meta":[],"product_cat":[142,127],"product_tag":[],"class_list":["post-5197","product","type-product","status-publish","has-post-thumbnail","hentry","product_cat-sandalyeler","product_cat-yemek-odasi"],"_links":{"self":[{"href":"https:\/\/www.bulutoglugrup.com.tr\/enza\/wp-json\/wp\/v2\/product\/5197","targetHints":{"allow":["GET"]}}],"collection":[{"href":"https:\/\/www.bulutoglugrup.com.tr\/enza\/wp-json\/wp\/v2\/product"}],"about":[{"href":"https:\/\/www.bulutoglugrup.com.tr\/enza\/wp-json\/wp\/v2\/types\/product"}],"wp:featuredmedia":[{"embeddable":true,"href":"https:\/\/www.bulutoglugrup.com.tr\/enza\/wp-json\/wp\/v2\/media\/5198"}],"wp:attachment":[{"href":"https:\/\/www.bulutoglugrup.com.tr\/enza\/wp-json\/wp\/v2\/media?parent=5197"}],"wp:term":[{"taxonomy":"product_cat","embeddable":true,"href":"https:\/\/www.bulutoglugrup.com.tr\/enza\/wp-json\/wp\/v2\/product_cat?post=5197"},{"taxonomy":"product_tag","embeddable":true,"href":"https:\/\/www.bulutoglugrup.com.tr\/enza\/wp-json\/wp\/v2\/product_tag?post=5197"}],"curies":[{"name":"wp","href":"https:\/\/api.w.org\/{rel}","templated":true}]}}