{"id":4909,"date":"2024-09-21T16:44:15","date_gmt":"2024-09-21T13:44:15","guid":{"rendered":"https:\/\/www.bulutoglugrup.com.tr\/enza\/?post_type=product&#038;p=4909"},"modified":"2024-09-21T16:46:59","modified_gmt":"2024-09-21T13:46:59","slug":"vienna-7","status":"publish","type":"product","link":"https:\/\/www.bulutoglugrup.com.tr\/enza\/urun\/vienna-7\/","title":{"rendered":"Vienna"},"content":{"rendered":"<div class=\"product-info__description\">\n<div class=\"product-info__description\">\n<div class=\"product-info__description\">\n<div class=\"product-info__description\">\n<div class=\"product-info__description\">\n<div class=\"product-info__description\">Ayna, 52&#215;105 cm (GxY)<\/div>\n<div class=\"product-info__price\">\n<div class=\"product-info__price-base\"><\/div>\n<\/div>\n<\/div>\n<\/div>\n<\/div>\n<\/div>\n<\/div>\n","protected":false},"excerpt":{"rendered":"<p><b>\u00d6zg\u00fcn Tasar\u0131m \u00c7izgileri<\/b><br \/>\nRomantik ve feminen tasar\u0131m unsurlar\u0131n\u0131 \u00e7a\u011fda\u015f \u00e7izgilerle harmanlayan VIENNA KONSOL AYNASI, her detay\u0131nda usta i\u015f\u00e7ili\u011fin izlerini ta\u015f\u0131yor. Bronz ve pudra renklerinin uyumunu estetik bir \u015fekilde yans\u0131tan VIENNA KONSOL AYNASI, oval ve uzun formuyla dikkat \u00e7ekiyor.<\/p>\n<div class=\"main-title\">Teknik Bilgiler<\/div>\n<table>\n<tbody>\n<tr>\n<th>Y\u00fckseklik (mm) :<\/th>\n<td class=\"js-combine-feature -e-height\">1000<\/td>\n<\/tr>\n<tr>\n<th>Geni\u015flik (mm) :<\/th>\n<td class=\"js-combine-feature -e-width\">524<\/td>\n<\/tr>\n<tr>\n<th>Derinlik (mm) :<\/th>\n<td class=\"js-combine-feature -e-depth\">30<\/td>\n<\/tr>\n<tr>\n<th>A\u011f\u0131rl\u0131k (kg) :<\/th>\n<td>17<\/td>\n<\/tr>\n<\/tbody>\n<\/table>\n","protected":false},"featured_media":4910,"template":"","meta":[],"product_cat":[143,127],"product_tag":[],"class_list":["post-4909","product","type-product","status-publish","has-post-thumbnail","hentry","product_cat-aynalar","product_cat-yemek-odasi"],"_links":{"self":[{"href":"https:\/\/www.bulutoglugrup.com.tr\/enza\/wp-json\/wp\/v2\/product\/4909","targetHints":{"allow":["GET"]}}],"collection":[{"href":"https:\/\/www.bulutoglugrup.com.tr\/enza\/wp-json\/wp\/v2\/product"}],"about":[{"href":"https:\/\/www.bulutoglugrup.com.tr\/enza\/wp-json\/wp\/v2\/types\/product"}],"wp:featuredmedia":[{"embeddable":true,"href":"https:\/\/www.bulutoglugrup.com.tr\/enza\/wp-json\/wp\/v2\/media\/4910"}],"wp:attachment":[{"href":"https:\/\/www.bulutoglugrup.com.tr\/enza\/wp-json\/wp\/v2\/media?parent=4909"}],"wp:term":[{"taxonomy":"product_cat","embeddable":true,"href":"https:\/\/www.bulutoglugrup.com.tr\/enza\/wp-json\/wp\/v2\/product_cat?post=4909"},{"taxonomy":"product_tag","embeddable":true,"href":"https:\/\/www.bulutoglugrup.com.tr\/enza\/wp-json\/wp\/v2\/product_tag?post=4909"}],"curies":[{"name":"wp","href":"https:\/\/api.w.org\/{rel}","templated":true}]}}