{"id":4904,"date":"2024-09-21T16:40:13","date_gmt":"2024-09-21T13:40:13","guid":{"rendered":"https:\/\/www.bulutoglugrup.com.tr\/enza\/?post_type=product&#038;p=4904"},"modified":"2024-09-21T16:43:32","modified_gmt":"2024-09-21T13:43:32","slug":"cordell-12","status":"publish","type":"product","link":"https:\/\/www.bulutoglugrup.com.tr\/enza\/urun\/cordell-12\/","title":{"rendered":"Cordell"},"content":{"rendered":"<div class=\"product-info__description\">\n<div class=\"product-info__description\">\n<div class=\"product-info__description\">\n<div class=\"product-info__description\">\n<div class=\"product-info__description\">\n<div class=\"product-info__description\">Ayna, 85&#215;60 cm (GxY)<\/div>\n<div class=\"product-info__price\">\n<div class=\"product-info__price-base\"><\/div>\n<\/div>\n<\/div>\n<\/div>\n<\/div>\n<\/div>\n<\/div>\n","protected":false},"excerpt":{"rendered":"<p><b>Sade ve Modern Tarz<\/b><br \/>\nYeni nesil estetik ve zarif tasar\u0131m anlay\u0131\u015f\u0131n\u0131 vurgulayan CORDELL KONSOL AYNASI, ya\u015fam alanlar\u0131na dinamik bir hava kat\u0131yor. Tasar\u0131m b\u00fct\u00fcnl\u00fc\u011f\u00fc olu\u015fturan yal\u0131n ve modern ayna tasar\u0131m\u0131 da mekanlara ferah, \u015f\u0131k ve etkileyici bir g\u00f6r\u00fcn\u00fcm kazand\u0131r\u0131yor.<\/p>\n<div class=\"main-title\">Teknik Bilgiler<\/div>\n<table>\n<tbody>\n<tr>\n<th>Y\u00fckseklik (mm) :<\/th>\n<td class=\"js-combine-feature -e-height\">600<\/td>\n<\/tr>\n<tr>\n<th>Geni\u015flik (mm) :<\/th>\n<td class=\"js-combine-feature -e-width\">846<\/td>\n<\/tr>\n<tr>\n<th>Derinlik (mm) :<\/th>\n<td class=\"js-combine-feature -e-depth\">30<\/td>\n<\/tr>\n<\/tbody>\n<\/table>\n","protected":false},"featured_media":4905,"template":"","meta":[],"product_cat":[143,127],"product_tag":[],"class_list":["post-4904","product","type-product","status-publish","has-post-thumbnail","hentry","product_cat-aynalar","product_cat-yemek-odasi"],"_links":{"self":[{"href":"https:\/\/www.bulutoglugrup.com.tr\/enza\/wp-json\/wp\/v2\/product\/4904","targetHints":{"allow":["GET"]}}],"collection":[{"href":"https:\/\/www.bulutoglugrup.com.tr\/enza\/wp-json\/wp\/v2\/product"}],"about":[{"href":"https:\/\/www.bulutoglugrup.com.tr\/enza\/wp-json\/wp\/v2\/types\/product"}],"wp:featuredmedia":[{"embeddable":true,"href":"https:\/\/www.bulutoglugrup.com.tr\/enza\/wp-json\/wp\/v2\/media\/4905"}],"wp:attachment":[{"href":"https:\/\/www.bulutoglugrup.com.tr\/enza\/wp-json\/wp\/v2\/media?parent=4904"}],"wp:term":[{"taxonomy":"product_cat","embeddable":true,"href":"https:\/\/www.bulutoglugrup.com.tr\/enza\/wp-json\/wp\/v2\/product_cat?post=4904"},{"taxonomy":"product_tag","embeddable":true,"href":"https:\/\/www.bulutoglugrup.com.tr\/enza\/wp-json\/wp\/v2\/product_tag?post=4904"}],"curies":[{"name":"wp","href":"https:\/\/api.w.org\/{rel}","templated":true}]}}