{"id":4896,"date":"2024-09-21T16:34:57","date_gmt":"2024-09-21T13:34:57","guid":{"rendered":"https:\/\/www.bulutoglugrup.com.tr\/enza\/?post_type=product&#038;p=4896"},"modified":"2024-09-21T16:37:41","modified_gmt":"2024-09-21T13:37:41","slug":"basel-12","status":"publish","type":"product","link":"https:\/\/www.bulutoglugrup.com.tr\/enza\/urun\/basel-12\/","title":{"rendered":"Basel"},"content":{"rendered":"<div class=\"product-info__description\">\n<div class=\"product-info__description\">\n<div class=\"product-info__description\">\n<div class=\"product-info__description\">\n<div class=\"product-info__description\">\n<div class=\"product-info__description\">Ayna, 80&#215;80 cm (GxY)<\/div>\n<div class=\"product-info__price\">\n<div class=\"product-info__price-base\"><\/div>\n<\/div>\n<\/div>\n<\/div>\n<\/div>\n<\/div>\n<\/div>\n","protected":false},"excerpt":{"rendered":"<p><b>Sade ve Modern G\u00f6r\u00fcn\u00fcm<\/b><br \/>\nMinimal tasar\u0131m\u0131 ile dikkat \u00e7eken BASEL KONSOL AYNASI, bulundu\u011fu alanlara modern bir hava kat\u0131yor. Ayd\u0131nl\u0131k ve s\u0131cak duru\u015fu ile ya\u015fam alanlar\u0131na ferahl\u0131k katan BASEL KONSOL AYNASI, sade tasar\u0131m anlay\u0131\u015f\u0131 ile \u00f6ne \u00e7\u0131k\u0131yor. Koleksiyonla b\u00fct\u00fcnl\u00fck sa\u011flayan naturel renkle \u00fcretilen \u015feffaf desenli dekoratif ayna, evin her alan\u0131nda kullan\u0131labiliyor ve di\u011fer e\u015fyalarla sade bir uyum sergiliyor.<\/p>\n<div class=\"main-title\">Teknik Bilgiler<\/div>\n<table>\n<tbody>\n<tr>\n<th>Y\u00fckseklik (mm) :<\/th>\n<td class=\"js-combine-feature -e-height\">800<\/td>\n<\/tr>\n<tr>\n<th>Geni\u015flik (mm) :<\/th>\n<td class=\"js-combine-feature -e-width\">800<\/td>\n<\/tr>\n<tr>\n<th>Derinlik (mm) :<\/th>\n<td class=\"js-combine-feature -e-depth\">40<\/td>\n<\/tr>\n<\/tbody>\n<\/table>\n","protected":false},"featured_media":4897,"template":"","meta":[],"product_cat":[143,127],"product_tag":[],"class_list":["post-4896","product","type-product","status-publish","has-post-thumbnail","hentry","product_cat-aynalar","product_cat-yemek-odasi"],"_links":{"self":[{"href":"https:\/\/www.bulutoglugrup.com.tr\/enza\/wp-json\/wp\/v2\/product\/4896","targetHints":{"allow":["GET"]}}],"collection":[{"href":"https:\/\/www.bulutoglugrup.com.tr\/enza\/wp-json\/wp\/v2\/product"}],"about":[{"href":"https:\/\/www.bulutoglugrup.com.tr\/enza\/wp-json\/wp\/v2\/types\/product"}],"wp:featuredmedia":[{"embeddable":true,"href":"https:\/\/www.bulutoglugrup.com.tr\/enza\/wp-json\/wp\/v2\/media\/4897"}],"wp:attachment":[{"href":"https:\/\/www.bulutoglugrup.com.tr\/enza\/wp-json\/wp\/v2\/media?parent=4896"}],"wp:term":[{"taxonomy":"product_cat","embeddable":true,"href":"https:\/\/www.bulutoglugrup.com.tr\/enza\/wp-json\/wp\/v2\/product_cat?post=4896"},{"taxonomy":"product_tag","embeddable":true,"href":"https:\/\/www.bulutoglugrup.com.tr\/enza\/wp-json\/wp\/v2\/product_tag?post=4896"}],"curies":[{"name":"wp","href":"https:\/\/api.w.org\/{rel}","templated":true}]}}