{"id":4862,"date":"2024-09-21T16:02:10","date_gmt":"2024-09-21T13:02:10","guid":{"rendered":"https:\/\/www.bulutoglugrup.com.tr\/enza\/?post_type=product&#038;p=4862"},"modified":"2024-09-21T16:04:58","modified_gmt":"2024-09-21T13:04:58","slug":"terra-13","status":"publish","type":"product","link":"https:\/\/www.bulutoglugrup.com.tr\/enza\/urun\/terra-13\/","title":{"rendered":"Terra"},"content":{"rendered":"<div class=\"product-info__description\">\n<div class=\"product-info__description\">\n<div class=\"product-info__description\">Konsol-\u015eifonyer Aynas\u0131, 70&#215;70 cm (GxY)<\/div>\n<div class=\"product-info__price\">\n<div class=\"product-info__price-base\"><\/div>\n<\/div>\n<\/div>\n<\/div>\n","protected":false},"excerpt":{"rendered":"<p><b>Zengin Tasar\u0131m Detaylar\u0131<\/b><br \/>\nDo\u011fal ve yal\u0131n g\u00f6r\u00fcn\u00fcm\u00fc ile t\u00fcm tasar\u0131m uygulamalar\u0131nda kullan\u0131labilen TERRA \u015e\u0130FONYER AYNASI, \u00e7a\u011fda\u015f tasar\u0131m\u0131 sayesinde minimalist bir tarz sunuyor. Nat\u00fcrel renk ayna kullan\u0131m\u0131 ise tasar\u0131m\u0131n modern g\u00f6r\u00fcnt\u00fcs\u00fcn\u00fc do\u011fal bir dokunu\u015f ile zenginle\u015ftiriyor. Dikkat \u00e7ekici kare formu sayesinde TERRA \u015e\u0130FONYER AYNASI her ortamda rahatl\u0131kla kullan\u0131labiliyor.<\/p>\n<div class=\"main-title\">Teknik Bilgiler<\/div>\n<table>\n<tbody>\n<tr>\n<th>Y\u00fckseklik (mm) :<\/th>\n<td class=\"js-combine-feature -e-height\">700<\/td>\n<\/tr>\n<tr>\n<th>Geni\u015flik (mm) :<\/th>\n<td class=\"js-combine-feature -e-width\">700<\/td>\n<\/tr>\n<tr>\n<th>Derinlik (mm) :<\/th>\n<td class=\"js-combine-feature -e-depth\">30<\/td>\n<\/tr>\n<\/tbody>\n<\/table>\n","protected":false},"featured_media":4863,"template":"","meta":[],"product_cat":[143,127],"product_tag":[171,170],"class_list":["post-4862","product","type-product","status-publish","has-post-thumbnail","hentry","product_cat-aynalar","product_cat-yemek-odasi","product_tag-ikili-koltuk","product_tag-koltuk"],"_links":{"self":[{"href":"https:\/\/www.bulutoglugrup.com.tr\/enza\/wp-json\/wp\/v2\/product\/4862","targetHints":{"allow":["GET"]}}],"collection":[{"href":"https:\/\/www.bulutoglugrup.com.tr\/enza\/wp-json\/wp\/v2\/product"}],"about":[{"href":"https:\/\/www.bulutoglugrup.com.tr\/enza\/wp-json\/wp\/v2\/types\/product"}],"wp:featuredmedia":[{"embeddable":true,"href":"https:\/\/www.bulutoglugrup.com.tr\/enza\/wp-json\/wp\/v2\/media\/4863"}],"wp:attachment":[{"href":"https:\/\/www.bulutoglugrup.com.tr\/enza\/wp-json\/wp\/v2\/media?parent=4862"}],"wp:term":[{"taxonomy":"product_cat","embeddable":true,"href":"https:\/\/www.bulutoglugrup.com.tr\/enza\/wp-json\/wp\/v2\/product_cat?post=4862"},{"taxonomy":"product_tag","embeddable":true,"href":"https:\/\/www.bulutoglugrup.com.tr\/enza\/wp-json\/wp\/v2\/product_tag?post=4862"}],"curies":[{"name":"wp","href":"https:\/\/api.w.org\/{rel}","templated":true}]}}