{"id":4848,"date":"2024-09-21T15:51:13","date_gmt":"2024-09-21T12:51:13","guid":{"rendered":"https:\/\/www.bulutoglugrup.com.tr\/enza\/?post_type=product&#038;p=4848"},"modified":"2024-09-21T15:53:40","modified_gmt":"2024-09-21T12:53:40","slug":"boston-8","status":"publish","type":"product","link":"https:\/\/www.bulutoglugrup.com.tr\/enza\/urun\/boston-8\/","title":{"rendered":"Boston"},"content":{"rendered":"<div class=\"product-info__description\">\n<div class=\"product-info__description\">Konsol-\u015eifonyer Aynas\u0131, 90&#215;90 cm (GxY)<\/div>\n<div class=\"product-info__price\">\n<div class=\"product-info__price-base\"><\/div>\n<\/div>\n<\/div>\n","protected":false},"excerpt":{"rendered":"<p><b>Do\u011fal Etki<\/b><br \/>\nBOSTON KONSOL AYNASI, etkileyici tasar\u0131m\u0131 ile ya\u015fam alan\u0131n\u0131za do\u011fal bir estetik kazand\u0131r\u0131yor. Aynan\u0131n yuvarlak formu yal\u0131n bir g\u00f6rsellik sunarken nat\u00fcrel renk \u00e7er\u00e7evesi do\u011fal tonlar ile uyum yakal\u0131yor.<\/p>\n<div class=\"main-title\">Teknik Bilgiler<\/div>\n<table>\n<tbody>\n<tr>\n<th>Y\u00fckseklik (mm) :<\/th>\n<td class=\"js-combine-feature -e-height\">900<\/td>\n<\/tr>\n<tr>\n<th>Geni\u015flik (mm) :<\/th>\n<td class=\"js-combine-feature -e-width\">900<\/td>\n<\/tr>\n<tr>\n<th>Derinlik (mm) :<\/th>\n<td class=\"js-combine-feature -e-depth\">60<\/td>\n<\/tr>\n<\/tbody>\n<\/table>\n","protected":false},"featured_media":4849,"template":"","meta":[],"product_cat":[143,127],"product_tag":[171,170],"class_list":["post-4848","product","type-product","status-publish","has-post-thumbnail","hentry","product_cat-aynalar","product_cat-yemek-odasi","product_tag-ikili-koltuk","product_tag-koltuk"],"_links":{"self":[{"href":"https:\/\/www.bulutoglugrup.com.tr\/enza\/wp-json\/wp\/v2\/product\/4848","targetHints":{"allow":["GET"]}}],"collection":[{"href":"https:\/\/www.bulutoglugrup.com.tr\/enza\/wp-json\/wp\/v2\/product"}],"about":[{"href":"https:\/\/www.bulutoglugrup.com.tr\/enza\/wp-json\/wp\/v2\/types\/product"}],"wp:featuredmedia":[{"embeddable":true,"href":"https:\/\/www.bulutoglugrup.com.tr\/enza\/wp-json\/wp\/v2\/media\/4849"}],"wp:attachment":[{"href":"https:\/\/www.bulutoglugrup.com.tr\/enza\/wp-json\/wp\/v2\/media?parent=4848"}],"wp:term":[{"taxonomy":"product_cat","embeddable":true,"href":"https:\/\/www.bulutoglugrup.com.tr\/enza\/wp-json\/wp\/v2\/product_cat?post=4848"},{"taxonomy":"product_tag","embeddable":true,"href":"https:\/\/www.bulutoglugrup.com.tr\/enza\/wp-json\/wp\/v2\/product_tag?post=4848"}],"curies":[{"name":"wp","href":"https:\/\/api.w.org\/{rel}","templated":true}]}}