{"id":3485,"date":"2024-09-13T21:08:46","date_gmt":"2024-09-13T18:08:46","guid":{"rendered":"https:\/\/www.bulutoglugrup.com.tr\/enza\/?post_type=product&#038;p=3485"},"modified":"2024-09-13T21:12:21","modified_gmt":"2024-09-13T18:12:21","slug":"kalinsta-10","status":"publish","type":"product","link":"https:\/\/www.bulutoglugrup.com.tr\/enza\/urun\/kalinsta-10\/","title":{"rendered":"Kalinsta"},"content":{"rendered":"<div class=\"product-info__header\">\n<div class=\"product-info__description\">\n<div class=\"product-info__header\">\n<div class=\"product-info__header\">\n<div class=\"product-info__header\">Dolap, 85&#215;198 cm (GxY)<\/div>\n<\/div>\n<\/div>\n<\/div>\n<\/div>\n","protected":false},"excerpt":{"rendered":"<p><b>Modern ve \u015e\u0131k<\/b><br \/>\nModern bir tasar\u0131ma sahip olan KALINSTA 2 KAPAKLI DOLAP, zarif detaylar\u0131 ile dikkat \u00e7ekiyor. Siyah renk metal kulp ve ayak tasar\u0131m\u0131, dolab\u0131n farkl\u0131 tasar\u0131mlarla uyum yakalamas\u0131na olanak tan\u0131yor. Ayr\u0131ca, KALINSTA 2 KAPAKLI DOLAP, beyaz, ceviz ve siyah renk alternatifleri de sunuyor. Dolab\u0131n alt k\u0131sm\u0131nda yer alan \u00e7ekmece uygulamas\u0131 ise kullan\u0131c\u0131ya \u00e7ok ama\u00e7l\u0131 bir saklama alan\u0131 sa\u011fl\u0131yor.<\/p>\n<div class=\"main-title\">Teknik Bilgiler<\/div>\n<table>\n<tbody>\n<tr>\n<th>Y\u00fckseklik (mm) :<\/th>\n<td class=\"js-combine-feature -e-height\">1988<\/td>\n<\/tr>\n<tr>\n<th>Geni\u015flik (mm) :<\/th>\n<td class=\"js-combine-feature -e-width\">850<\/td>\n<\/tr>\n<tr>\n<th>Derinlik (mm) :<\/th>\n<td class=\"js-combine-feature -e-depth\">508<\/td>\n<\/tr>\n<tr>\n<th>Ayak \/ Baza Y\u00fckseklik (mm) :<\/th>\n<td class=\"js-combine-feature -leg-base-height\">150<\/td>\n<\/tr>\n<tr>\n<th>\u00c7ekmece \u00d6l\u00e7\u00fcleri (mm) :<\/th>\n<td>809x368x223<\/td>\n<\/tr>\n<\/tbody>\n<\/table>\n","protected":false},"featured_media":3489,"template":"","meta":[],"product_cat":[150,128],"product_tag":[171,170],"class_list":["post-3485","product","type-product","status-publish","has-post-thumbnail","hentry","product_cat-dolaplar","product_cat-yatak-odasi","product_tag-ikili-koltuk","product_tag-koltuk"],"_links":{"self":[{"href":"https:\/\/www.bulutoglugrup.com.tr\/enza\/wp-json\/wp\/v2\/product\/3485","targetHints":{"allow":["GET"]}}],"collection":[{"href":"https:\/\/www.bulutoglugrup.com.tr\/enza\/wp-json\/wp\/v2\/product"}],"about":[{"href":"https:\/\/www.bulutoglugrup.com.tr\/enza\/wp-json\/wp\/v2\/types\/product"}],"wp:featuredmedia":[{"embeddable":true,"href":"https:\/\/www.bulutoglugrup.com.tr\/enza\/wp-json\/wp\/v2\/media\/3489"}],"wp:attachment":[{"href":"https:\/\/www.bulutoglugrup.com.tr\/enza\/wp-json\/wp\/v2\/media?parent=3485"}],"wp:term":[{"taxonomy":"product_cat","embeddable":true,"href":"https:\/\/www.bulutoglugrup.com.tr\/enza\/wp-json\/wp\/v2\/product_cat?post=3485"},{"taxonomy":"product_tag","embeddable":true,"href":"https:\/\/www.bulutoglugrup.com.tr\/enza\/wp-json\/wp\/v2\/product_tag?post=3485"}],"curies":[{"name":"wp","href":"https:\/\/api.w.org\/{rel}","templated":true}]}}