{"id":3479,"date":"2024-09-13T21:04:49","date_gmt":"2024-09-13T18:04:49","guid":{"rendered":"https:\/\/www.bulutoglugrup.com.tr\/enza\/?post_type=product&#038;p=3479"},"modified":"2024-09-13T21:07:53","modified_gmt":"2024-09-13T18:07:53","slug":"terra-4","status":"publish","type":"product","link":"https:\/\/www.bulutoglugrup.com.tr\/enza\/urun\/terra-4\/","title":{"rendered":"Terra"},"content":{"rendered":"<div class=\"product-info__header\">\n<div class=\"product-info__description\">\n<div class=\"product-info__header\">\n<div class=\"product-info__header\">\n<div class=\"product-info__header\">Dolap, 227&#215;221 cm (GxY)<\/div>\n<\/div>\n<\/div>\n<\/div>\n<\/div>\n","protected":false},"excerpt":{"rendered":"<p><b>\u00c7a\u011fda\u015f Tasar\u0131m Detaylar\u0131<\/b><br \/>\nTERRA 5 KAPAKLI DOLAP, en \u015f\u0131k tasar\u0131m uygulamalar\u0131n\u0131n vazge\u00e7ilmez bile\u015fenleri aras\u0131nda bulunuyor. \u00c7a\u011fda\u015f bir tasar\u0131ma sahip olan TERRA 5 KAPAKLI DOLAP, nitelikli i\u015f\u00e7ilik detaylar\u0131 ve a\u00e7\u0131k me\u015fe rengi ile dikkat \u00e7ekiyor. Dolap kapaklar\u0131nda bulunan nat\u00fcrel renk ayna ise dolaba do\u011fal ve yal\u0131n bir g\u00f6r\u00fcn\u00fcm kazand\u0131r\u0131yor. Ayr\u0131ca, dolab\u0131n kapa\u011f\u0131nda bulunan ah\u015fap geometrik desen uygulamas\u0131 ve TERRA serisi ile uyumlu metal kulp tasar\u0131m\u0131 da ho\u015f bir estetik sunuyor. \u00dc\u00e7 adet \u00e7ekmeceye sahip olan dolap, sundu\u011fu fazladan alan ile kullan\u0131\u015fl\u0131 bir se\u00e7im olarak \u00f6ne \u00e7\u0131k\u0131yor.<\/p>\n<div class=\"main-title\">Teknik Bilgiler<\/div>\n<table>\n<tbody>\n<tr>\n<th>Y\u00fckseklik (mm) :<\/th>\n<td class=\"js-combine-feature -e-height\">2215<\/td>\n<\/tr>\n<tr>\n<th>Geni\u015flik (mm) :<\/th>\n<td class=\"js-combine-feature -e-width\">2271<\/td>\n<\/tr>\n<tr>\n<th>Derinlik (mm) :<\/th>\n<td class=\"js-combine-feature -e-depth\">610<\/td>\n<\/tr>\n<tr>\n<th>\u00c7ekmece \u00d6l\u00e7\u00fcleri (mm) :<\/th>\n<td>725x438x119<\/td>\n<\/tr>\n<\/tbody>\n<\/table>\n","protected":false},"featured_media":3483,"template":"","meta":[],"product_cat":[150,128],"product_tag":[171,170],"class_list":["post-3479","product","type-product","status-publish","has-post-thumbnail","hentry","product_cat-dolaplar","product_cat-yatak-odasi","product_tag-ikili-koltuk","product_tag-koltuk"],"_links":{"self":[{"href":"https:\/\/www.bulutoglugrup.com.tr\/enza\/wp-json\/wp\/v2\/product\/3479","targetHints":{"allow":["GET"]}}],"collection":[{"href":"https:\/\/www.bulutoglugrup.com.tr\/enza\/wp-json\/wp\/v2\/product"}],"about":[{"href":"https:\/\/www.bulutoglugrup.com.tr\/enza\/wp-json\/wp\/v2\/types\/product"}],"wp:featuredmedia":[{"embeddable":true,"href":"https:\/\/www.bulutoglugrup.com.tr\/enza\/wp-json\/wp\/v2\/media\/3483"}],"wp:attachment":[{"href":"https:\/\/www.bulutoglugrup.com.tr\/enza\/wp-json\/wp\/v2\/media?parent=3479"}],"wp:term":[{"taxonomy":"product_cat","embeddable":true,"href":"https:\/\/www.bulutoglugrup.com.tr\/enza\/wp-json\/wp\/v2\/product_cat?post=3479"},{"taxonomy":"product_tag","embeddable":true,"href":"https:\/\/www.bulutoglugrup.com.tr\/enza\/wp-json\/wp\/v2\/product_tag?post=3479"}],"curies":[{"name":"wp","href":"https:\/\/api.w.org\/{rel}","templated":true}]}}