{"id":3472,"date":"2024-09-13T21:00:28","date_gmt":"2024-09-13T18:00:28","guid":{"rendered":"https:\/\/www.bulutoglugrup.com.tr\/enza\/?post_type=product&#038;p=3472"},"modified":"2024-09-13T21:03:58","modified_gmt":"2024-09-13T18:03:58","slug":"boston","status":"publish","type":"product","link":"https:\/\/www.bulutoglugrup.com.tr\/enza\/urun\/boston\/","title":{"rendered":"Boston"},"content":{"rendered":"<div class=\"product-info__header\">\n<div class=\"product-info__description\">\n<div class=\"product-info__header\">\n<div class=\"product-info__header\">\n<div class=\"product-info__header\">Dolap, 277&#215;223 cm (GxY)<\/div>\n<\/div>\n<\/div>\n<\/div>\n<\/div>\n","protected":false},"excerpt":{"rendered":"<p><b>Estetik Bir Tasar\u0131m<\/b><br \/>\nBOSTON 6 KAPAKLI DOLAP, yatak odas\u0131 tasar\u0131mlar\u0131na estetik bir dokunu\u015f kat\u0131yor. Dolap, k\u00fcll\u00fc me\u015fe rengi ve alt\u0131 kapakl\u0131 tasar\u0131m\u0131 ile koleksiyonun do\u011fal g\u00f6r\u00fcn\u00fcm\u00fcn\u00fc tamaml\u0131yor. MDF \u00fczeri me\u015fe kaplama detay\u0131, dolab\u0131n sundu\u011fu nat\u00fcrel paleti kuvvetlendiriyor. Dolap kapaklar\u0131nda bulunan kulplar\u0131n siyah renkli tasar\u0131m\u0131, do\u011fal renkler ile uyum sa\u011flayarak daha etkileyici bir g\u00f6rsellik yarat\u0131yor.<\/p>\n<div class=\"main-title\">Teknik Bilgiler<\/div>\n<table>\n<tbody>\n<tr>\n<th>Y\u00fckseklik (mm) :<\/th>\n<td class=\"js-combine-feature -e-height\">2230<\/td>\n<\/tr>\n<tr>\n<th>Geni\u015flik (mm) :<\/th>\n<td class=\"js-combine-feature -e-width\">2777<\/td>\n<\/tr>\n<tr>\n<th>Derinlik (mm) :<\/th>\n<td class=\"js-combine-feature -e-depth\">627<\/td>\n<\/tr>\n<tr>\n<th>\u00c7ekmece \u00d6l\u00e7\u00fcleri (mm) :<\/th>\n<td>807x400x145<\/td>\n<\/tr>\n<\/tbody>\n<\/table>\n","protected":false},"featured_media":3476,"template":"","meta":[],"product_cat":[150,128],"product_tag":[171,170],"class_list":["post-3472","product","type-product","status-publish","has-post-thumbnail","hentry","product_cat-dolaplar","product_cat-yatak-odasi","product_tag-ikili-koltuk","product_tag-koltuk"],"_links":{"self":[{"href":"https:\/\/www.bulutoglugrup.com.tr\/enza\/wp-json\/wp\/v2\/product\/3472","targetHints":{"allow":["GET"]}}],"collection":[{"href":"https:\/\/www.bulutoglugrup.com.tr\/enza\/wp-json\/wp\/v2\/product"}],"about":[{"href":"https:\/\/www.bulutoglugrup.com.tr\/enza\/wp-json\/wp\/v2\/types\/product"}],"wp:featuredmedia":[{"embeddable":true,"href":"https:\/\/www.bulutoglugrup.com.tr\/enza\/wp-json\/wp\/v2\/media\/3476"}],"wp:attachment":[{"href":"https:\/\/www.bulutoglugrup.com.tr\/enza\/wp-json\/wp\/v2\/media?parent=3472"}],"wp:term":[{"taxonomy":"product_cat","embeddable":true,"href":"https:\/\/www.bulutoglugrup.com.tr\/enza\/wp-json\/wp\/v2\/product_cat?post=3472"},{"taxonomy":"product_tag","embeddable":true,"href":"https:\/\/www.bulutoglugrup.com.tr\/enza\/wp-json\/wp\/v2\/product_tag?post=3472"}],"curies":[{"name":"wp","href":"https:\/\/api.w.org\/{rel}","templated":true}]}}