{"id":3466,"date":"2024-09-13T20:56:09","date_gmt":"2024-09-13T17:56:09","guid":{"rendered":"https:\/\/www.bulutoglugrup.com.tr\/enza\/?post_type=product&#038;p=3466"},"modified":"2024-09-13T20:59:25","modified_gmt":"2024-09-13T17:59:25","slug":"loreto-10","status":"publish","type":"product","link":"https:\/\/www.bulutoglugrup.com.tr\/enza\/urun\/loreto-10\/","title":{"rendered":"Loreto"},"content":{"rendered":"<div class=\"product-info__header\">\n<div class=\"product-info__description\">\n<div class=\"product-info__header\">\n<div class=\"product-info__header\">\n<div class=\"product-info__header\"><\/div>\n<div class=\"product-info__description\">Dolap, 180&#215;221 cm (GxY)<\/div>\n<\/div>\n<\/div>\n<\/div>\n<\/div>\n","protected":false},"excerpt":{"rendered":"<p><b>Modern End\u00fcstriyel Tarz\u0131n Bulu\u015fmas\u0131<\/b><br \/>\nDinamik tasar\u0131m anlay\u0131\u015f\u0131yla \u00f6ne \u00e7\u0131kan LORETO S\u00dcRG\u00dc KAPAKLI DOLAP, a\u00e7\u0131k ceviz ve k\u0131r\u0131k beyaz renk kombinasyonu, do\u011fall\u0131\u011f\u0131n \u00f6n planda oldu\u011fu derin dokulu y\u00fczey kullan\u0131m\u0131yla do\u011fall\u0131\u011f\u0131 vurguluyor.<\/p>\n<p>Nat\u00fcrel ayna uygulamas\u0131yla LORETO S\u00dcRG\u00dc KAPAKLI DOLAP, yatak odalar\u0131na ferahl\u0131k kat\u0131yor.<\/p>\n<div class=\"main-title\">Teknik Bilgiler<\/div>\n<table>\n<tbody>\n<tr>\n<th>Y\u00fckseklik (mm) :<\/th>\n<td class=\"js-combine-feature -e-height\">2215<\/td>\n<\/tr>\n<tr>\n<th>Geni\u015flik (mm) :<\/th>\n<td class=\"js-combine-feature -e-width\">1800<\/td>\n<\/tr>\n<tr>\n<th>Derinlik (mm) :<\/th>\n<td class=\"js-combine-feature -e-depth\">700<\/td>\n<\/tr>\n<\/tbody>\n<\/table>\n","protected":false},"featured_media":3470,"template":"","meta":[],"product_cat":[150,128],"product_tag":[171,170],"class_list":["post-3466","product","type-product","status-publish","has-post-thumbnail","hentry","product_cat-dolaplar","product_cat-yatak-odasi","product_tag-ikili-koltuk","product_tag-koltuk"],"_links":{"self":[{"href":"https:\/\/www.bulutoglugrup.com.tr\/enza\/wp-json\/wp\/v2\/product\/3466","targetHints":{"allow":["GET"]}}],"collection":[{"href":"https:\/\/www.bulutoglugrup.com.tr\/enza\/wp-json\/wp\/v2\/product"}],"about":[{"href":"https:\/\/www.bulutoglugrup.com.tr\/enza\/wp-json\/wp\/v2\/types\/product"}],"wp:featuredmedia":[{"embeddable":true,"href":"https:\/\/www.bulutoglugrup.com.tr\/enza\/wp-json\/wp\/v2\/media\/3470"}],"wp:attachment":[{"href":"https:\/\/www.bulutoglugrup.com.tr\/enza\/wp-json\/wp\/v2\/media?parent=3466"}],"wp:term":[{"taxonomy":"product_cat","embeddable":true,"href":"https:\/\/www.bulutoglugrup.com.tr\/enza\/wp-json\/wp\/v2\/product_cat?post=3466"},{"taxonomy":"product_tag","embeddable":true,"href":"https:\/\/www.bulutoglugrup.com.tr\/enza\/wp-json\/wp\/v2\/product_tag?post=3466"}],"curies":[{"name":"wp","href":"https:\/\/api.w.org\/{rel}","templated":true}]}}