{"id":3461,"date":"2024-09-13T20:52:24","date_gmt":"2024-09-13T17:52:24","guid":{"rendered":"https:\/\/www.bulutoglugrup.com.tr\/enza\/?post_type=product&#038;p=3461"},"modified":"2024-09-13T20:55:05","modified_gmt":"2024-09-13T17:55:05","slug":"parma-4","status":"publish","type":"product","link":"https:\/\/www.bulutoglugrup.com.tr\/enza\/urun\/parma-4\/","title":{"rendered":"Parma"},"content":{"rendered":"<div class=\"product-info__header\">\n<div class=\"product-info__description\">\n<div class=\"product-info__header\">\n<div class=\"product-info__header\">Dolap, 90&#215;221 cm (GxY)<\/div>\n<\/div>\n<\/div>\n<\/div>\n","protected":false},"excerpt":{"rendered":"<p><b>G\u00fc\u00e7l\u00fc ve Modern<\/b><br \/>\nF\u00fcme reflekte cam kapak uygulamas\u0131yla PARMA 2 KAPAKLI CAM DOLAP, en modern ya\u015fam alanlar\u0131nda yerini al\u0131yor! \u00c7a\u011fda\u015f tasar\u0131m\u0131yla her alana uygun bir g\u00f6r\u00fcn\u00fcm ortaya koyan PARMA 2 KAPAKLI CAM DOLAP, g\u00fc\u00e7l\u00fc tasar\u0131m\u0131 ile uzun soluklu bir kullan\u0131m vadediyor. PARMA 2 KAPAKLI CAM DOLAP, siyah metal kulplar\u0131 ile \u00f6zg\u00fcn tasar\u0131m\u0131n\u0131 g\u00f6zler \u00f6n\u00fcne s\u00fcr\u00fcyor.<\/p>\n<div class=\"main-title\">Teknik Bilgiler<\/div>\n<table>\n<tbody>\n<tr>\n<th>Y\u00fckseklik (mm) :<\/th>\n<td class=\"js-combine-feature -e-height\">2215<\/td>\n<\/tr>\n<tr>\n<th>Geni\u015flik (mm) :<\/th>\n<td class=\"js-combine-feature -e-width\">900<\/td>\n<\/tr>\n<tr>\n<th>Derinlik (mm) :<\/th>\n<td class=\"js-combine-feature -e-depth\">610,5<\/td>\n<\/tr>\n<tr>\n<th>\u00c7ekmece \u00d6l\u00e7\u00fcleri (mm) :<\/th>\n<td>711x388x99<\/td>\n<\/tr>\n<\/tbody>\n<\/table>\n","protected":false},"featured_media":3465,"template":"","meta":[],"product_cat":[150,128],"product_tag":[171,170],"class_list":["post-3461","product","type-product","status-publish","has-post-thumbnail","hentry","product_cat-dolaplar","product_cat-yatak-odasi","product_tag-ikili-koltuk","product_tag-koltuk"],"_links":{"self":[{"href":"https:\/\/www.bulutoglugrup.com.tr\/enza\/wp-json\/wp\/v2\/product\/3461","targetHints":{"allow":["GET"]}}],"collection":[{"href":"https:\/\/www.bulutoglugrup.com.tr\/enza\/wp-json\/wp\/v2\/product"}],"about":[{"href":"https:\/\/www.bulutoglugrup.com.tr\/enza\/wp-json\/wp\/v2\/types\/product"}],"wp:featuredmedia":[{"embeddable":true,"href":"https:\/\/www.bulutoglugrup.com.tr\/enza\/wp-json\/wp\/v2\/media\/3465"}],"wp:attachment":[{"href":"https:\/\/www.bulutoglugrup.com.tr\/enza\/wp-json\/wp\/v2\/media?parent=3461"}],"wp:term":[{"taxonomy":"product_cat","embeddable":true,"href":"https:\/\/www.bulutoglugrup.com.tr\/enza\/wp-json\/wp\/v2\/product_cat?post=3461"},{"taxonomy":"product_tag","embeddable":true,"href":"https:\/\/www.bulutoglugrup.com.tr\/enza\/wp-json\/wp\/v2\/product_tag?post=3461"}],"curies":[{"name":"wp","href":"https:\/\/api.w.org\/{rel}","templated":true}]}}