{"id":3433,"date":"2024-09-13T20:35:18","date_gmt":"2024-09-13T17:35:18","guid":{"rendered":"https:\/\/www.bulutoglugrup.com.tr\/enza\/?post_type=product&#038;p=3433"},"modified":"2024-09-13T20:39:18","modified_gmt":"2024-09-13T17:39:18","slug":"austin-2","status":"publish","type":"product","link":"https:\/\/www.bulutoglugrup.com.tr\/enza\/urun\/austin-2\/","title":{"rendered":"Austin"},"content":{"rendered":"<div class=\"product-info__header\"><\/div>\n<div class=\"product-info__description\">Dolap, 274&#215;227 cm (GxY)<\/div>\n","protected":false},"excerpt":{"rendered":"<p><b>Tasar\u0131m\u0131n \u00c7a\u011fda\u015f Esteti\u011fi<\/b><br \/>\nKoyu me\u015fe rengin asaletini, zarif siyah metal kulplar ile bir araya getiren AUSTIN 6 KAPAKLI DOLAP, modern tasar\u0131m\u0131n en g\u00f6z al\u0131c\u0131 halini yans\u0131t\u0131yor. MDF \u00fczeri me\u015fe kaplama y\u00fczeyi, minimal tasar\u0131m \u00e7izgisine dinamizm getiren i\u015fleme detalar\u0131 ile AUSTIN 6 KAPAKLI DOLAP, esteti\u011fin \u00e7a\u011fda\u015f yorumunu ortaya koyuyor.<\/p>\n","protected":false},"featured_media":3437,"template":"","meta":[],"product_cat":[150,128],"product_tag":[171,170],"class_list":["post-3433","product","type-product","status-publish","has-post-thumbnail","hentry","product_cat-dolaplar","product_cat-yatak-odasi","product_tag-ikili-koltuk","product_tag-koltuk"],"_links":{"self":[{"href":"https:\/\/www.bulutoglugrup.com.tr\/enza\/wp-json\/wp\/v2\/product\/3433","targetHints":{"allow":["GET"]}}],"collection":[{"href":"https:\/\/www.bulutoglugrup.com.tr\/enza\/wp-json\/wp\/v2\/product"}],"about":[{"href":"https:\/\/www.bulutoglugrup.com.tr\/enza\/wp-json\/wp\/v2\/types\/product"}],"wp:featuredmedia":[{"embeddable":true,"href":"https:\/\/www.bulutoglugrup.com.tr\/enza\/wp-json\/wp\/v2\/media\/3437"}],"wp:attachment":[{"href":"https:\/\/www.bulutoglugrup.com.tr\/enza\/wp-json\/wp\/v2\/media?parent=3433"}],"wp:term":[{"taxonomy":"product_cat","embeddable":true,"href":"https:\/\/www.bulutoglugrup.com.tr\/enza\/wp-json\/wp\/v2\/product_cat?post=3433"},{"taxonomy":"product_tag","embeddable":true,"href":"https:\/\/www.bulutoglugrup.com.tr\/enza\/wp-json\/wp\/v2\/product_tag?post=3433"}],"curies":[{"name":"wp","href":"https:\/\/api.w.org\/{rel}","templated":true}]}}