{"id":3417,"date":"2024-09-13T20:26:05","date_gmt":"2024-09-13T17:26:05","guid":{"rendered":"https:\/\/www.bulutoglugrup.com.tr\/enza\/?post_type=product&#038;p=3417"},"modified":"2024-09-13T20:34:13","modified_gmt":"2024-09-13T17:34:13","slug":"austin","status":"publish","type":"product","link":"https:\/\/www.bulutoglugrup.com.tr\/enza\/urun\/austin\/","title":{"rendered":"Austin"},"content":{"rendered":"<p>Dolap, 274&#215;227 cm (GxY)<\/p>\n","protected":false},"excerpt":{"rendered":"<p><b>Tasar\u0131m\u0131n \u00c7a\u011fda\u015f Esteti\u011fi<\/b><br \/>\nMe\u015fe rengin s\u0131cakl\u0131\u011f\u0131n\u0131 zarif siyah metal kulplar ile bir araya getiren AUSTIN 6 KAPAKLI DOLAP, modern tasar\u0131m\u0131n en g\u00f6z al\u0131c\u0131 halini yans\u0131t\u0131yor. MDF \u00fczeri me\u015fe kaplama y\u00fczeyi, minimal tasar\u0131m \u00e7izgisine dinamizm getiren i\u015fleme detaylar\u0131 ile AUSTIN 6 KAPAKLI DOLAP, esteti\u011fin \u00e7a\u011fda\u015f yorumunu ortaya koyuyor.<\/p>\n<p>&nbsp;<\/p>\n","protected":false},"featured_media":3428,"template":"","meta":[],"product_cat":[150,128],"product_tag":[171,170],"class_list":["post-3417","product","type-product","status-publish","has-post-thumbnail","hentry","product_cat-dolaplar","product_cat-yatak-odasi","product_tag-ikili-koltuk","product_tag-koltuk"],"_links":{"self":[{"href":"https:\/\/www.bulutoglugrup.com.tr\/enza\/wp-json\/wp\/v2\/product\/3417","targetHints":{"allow":["GET"]}}],"collection":[{"href":"https:\/\/www.bulutoglugrup.com.tr\/enza\/wp-json\/wp\/v2\/product"}],"about":[{"href":"https:\/\/www.bulutoglugrup.com.tr\/enza\/wp-json\/wp\/v2\/types\/product"}],"wp:featuredmedia":[{"embeddable":true,"href":"https:\/\/www.bulutoglugrup.com.tr\/enza\/wp-json\/wp\/v2\/media\/3428"}],"wp:attachment":[{"href":"https:\/\/www.bulutoglugrup.com.tr\/enza\/wp-json\/wp\/v2\/media?parent=3417"}],"wp:term":[{"taxonomy":"product_cat","embeddable":true,"href":"https:\/\/www.bulutoglugrup.com.tr\/enza\/wp-json\/wp\/v2\/product_cat?post=3417"},{"taxonomy":"product_tag","embeddable":true,"href":"https:\/\/www.bulutoglugrup.com.tr\/enza\/wp-json\/wp\/v2\/product_tag?post=3417"}],"curies":[{"name":"wp","href":"https:\/\/api.w.org\/{rel}","templated":true}]}}