{"id":3410,"date":"2024-09-13T20:15:11","date_gmt":"2024-09-13T17:15:11","guid":{"rendered":"https:\/\/www.bulutoglugrup.com.tr\/enza\/?post_type=product&#038;p=3410"},"modified":"2024-09-13T20:23:35","modified_gmt":"2024-09-13T17:23:35","slug":"kalinsta-8","status":"publish","type":"product","link":"https:\/\/www.bulutoglugrup.com.tr\/enza\/urun\/kalinsta-8\/","title":{"rendered":"Kalinsta"},"content":{"rendered":"<div class=\"product-info__description\">\n<div class=\"product-info__description\">\n<div class=\"product-info__description\">\n<div class=\"product-info__description\">\n<div class=\"product-info__description\">\n<div class=\"product-info__description\">\n<div class=\"product-info__description\">\n<div class=\"product-info__description\">\n<div class=\"product-info__description\">\n<div class=\"product-info__description\">\n<div class=\"product-info__description\">\n<div class=\"product-info__description\">\n<div class=\"product-info__description\">\n<div class=\"product-info__description\">\n<div class=\"product-info__description\">\n<div class=\"product-info__header\"><\/div>\n<div class=\"product-info__description\">Cam Kapakl\u0131 Dolap, 65&#215;75 cm (GxY)<\/div>\n<div>Online&#8217;a \u00d6zel<\/div>\n<\/div>\n<div class=\"product-info__price\">\n<div class=\"product-info__price-base\"><\/div>\n<\/div>\n<\/div>\n<\/div>\n<\/div>\n<\/div>\n<\/div>\n<\/div>\n<\/div>\n<\/div>\n<\/div>\n<\/div>\n<\/div>\n<\/div>\n<\/div>\n<\/div>\n","protected":false},"excerpt":{"rendered":"<p><b>\u00c7ok Ama\u00e7l\u0131 Kullan\u0131m<\/b><br \/>\nYa\u015fam alanlar\u0131na zarafet katan KALINSTA CAM KAPAKLI DOLAP, modern tasar\u0131m\u0131 ile \u00f6n plana \u00e7\u0131k\u0131yor. KALINSTA CAM KAPAKLI DOLAP, siyah renk metal kulp ve ayak tasar\u0131m\u0131 ile \u015f\u0131k bir g\u00f6r\u00fcn\u00fcm ortaya koyuyor. Beyaz rengiyle KALINSTA CAM KAPAKLI DOLAP, farkl\u0131 tasar\u0131mlarla birlikte de rahatl\u0131kla kullan\u0131lmas\u0131na olanak tan\u0131yor.<\/p>\n<p>&nbsp;<\/p>\n<div class=\"product-features__list-title\">\u00d6zellikler<\/div>\n<ul>\n<li>Kalinsta serisi Enza Home markas\u0131n\u0131n online \u00f6zel olarak tasarlanan ve sat\u0131\u015fa sunulan \u00fcr\u00fcnleridir.<\/li>\n<li>Enza Home Kalinsta Koleksiyonu \u00fcr\u00fcnlerinin \u00f6l\u00e7\u00fcleri birbirini tamamlar nitelikte olup; rahatl\u0131kla e\u015fle\u015ftirme yap\u0131labilir ve kombinasyon yap\u0131lmaya uygundur.<\/li>\n<li>Modern tasar\u0131m anlay\u0131\u015f\u0131na sahiptir.<\/li>\n<li>Beyaz renktir.<\/li>\n<li>Kapakta reflekte f\u00fcme cam uygulanm\u0131\u015ft\u0131r.<\/li>\n<li>D\u00fc\u015fer kapak mekanizmas\u0131 kullan\u0131lm\u0131\u015ft\u0131r.<\/li>\n<li>Di\u011fer mod\u00fcllerle kombin olu\u015fturma imkan\u0131 vard\u0131r.<\/li>\n<li>Evin farkl\u0131 odalar\u0131na kullan\u0131ma uygun ki\u015fiselle\u015ftirme imkan\u0131 sunmaktad\u0131r.<\/li>\n<li>Siyah renk metal kulp ve ayak tasar\u0131m\u0131na sahiptir.<\/li>\n<li>Dar alanlarda depolama ama\u00e7l\u0131 kullan\u0131ma uygundur.<\/li>\n<li>\u00dcr\u00fcnlerimizin y\u00fczeyinde 18mm kal\u0131nl\u0131\u011f\u0131nda 1. Kalite yonga levha kullan\u0131lm\u0131\u015ft\u0131r.<\/li>\n<li>TSE, Avrupa birli\u011fi en, ISO 9001 ve FSC sertifikalar\u0131na sahiptir. E1 standartlar\u0131 dahilinde, kanserojen madde i\u00e7ermez.<\/li>\n<li>\u00dcr\u00fcn\u00fcm\u00fczde 1. Kalite sa\u011flam profil kullan\u0131lm\u0131\u015ft\u0131r.<\/li>\n<li>Kulp ve ayaklar paslanma yapmaz, \u00e7izilmeye dayan\u0131kl\u0131 elektrostatik toz boya ile boyanm\u0131\u015ft\u0131r.<\/li>\n<li>\u00dcr\u00fcn\u00fcn t\u00fcm aksamlar\u0131, t\u00fcm \u00fcretim a\u015famalar\u0131 kontrol\u00fcm\u00fcz alt\u0131ndad\u0131r.<\/li>\n<li>Kurulum kitap\u00e7\u0131\u011f\u0131 ve kurulum seti \u00fcr\u00fcn i\u00e7erisinde yer almaktad\u0131r.<\/li>\n<li>\u00c7ok kolay bir \u015fekilde kurulumunu ger\u00e7ekle\u015ftirebilirsiniz.<\/li>\n<li>\u00dcr\u00fcn \u00f6l\u00e7\u00fcleri g\u00f6rsellerde detayl\u0131 bir \u015fekilde payla\u015f\u0131lm\u0131\u015ft\u0131r.<\/li>\n<li>G\u00f6rsel ama\u00e7l\u0131 kullan\u0131lan objeler \u00fcr\u00fcne dahil de\u011fildir.<\/li>\n<li>Kurulum m\u00fc\u015fteriye aittir, \u00fcr\u00fcn fiyat\u0131na dahil de\u011fildir.<\/li>\n<\/ul>\n<p>*T\u00fcm mod\u00fcller ayakl\u0131\/ayaks\u0131z kullan\u0131ma uygundur.<br \/>\n** T\u00fcm mod\u00fcller duvara monte edilerek kullan\u0131lmal\u0131d\u0131r.<\/p>\n","protected":false},"featured_media":3416,"template":"","meta":[],"product_cat":[150,128],"product_tag":[171,170],"class_list":["post-3410","product","type-product","status-publish","has-post-thumbnail","hentry","product_cat-dolaplar","product_cat-yatak-odasi","product_tag-ikili-koltuk","product_tag-koltuk"],"_links":{"self":[{"href":"https:\/\/www.bulutoglugrup.com.tr\/enza\/wp-json\/wp\/v2\/product\/3410","targetHints":{"allow":["GET"]}}],"collection":[{"href":"https:\/\/www.bulutoglugrup.com.tr\/enza\/wp-json\/wp\/v2\/product"}],"about":[{"href":"https:\/\/www.bulutoglugrup.com.tr\/enza\/wp-json\/wp\/v2\/types\/product"}],"wp:featuredmedia":[{"embeddable":true,"href":"https:\/\/www.bulutoglugrup.com.tr\/enza\/wp-json\/wp\/v2\/media\/3416"}],"wp:attachment":[{"href":"https:\/\/www.bulutoglugrup.com.tr\/enza\/wp-json\/wp\/v2\/media?parent=3410"}],"wp:term":[{"taxonomy":"product_cat","embeddable":true,"href":"https:\/\/www.bulutoglugrup.com.tr\/enza\/wp-json\/wp\/v2\/product_cat?post=3410"},{"taxonomy":"product_tag","embeddable":true,"href":"https:\/\/www.bulutoglugrup.com.tr\/enza\/wp-json\/wp\/v2\/product_tag?post=3410"}],"curies":[{"name":"wp","href":"https:\/\/api.w.org\/{rel}","templated":true}]}}