{"id":2382,"date":"2023-12-09T00:07:41","date_gmt":"2023-12-08T21:07:41","guid":{"rendered":"https:\/\/www.bulutoglugrup.com.tr\/enza\/?post_type=product&#038;p=2382"},"modified":"2023-12-08T21:53:58","modified_gmt":"2023-12-08T21:53:58","slug":"raum","status":"publish","type":"product","link":"https:\/\/www.bulutoglugrup.com.tr\/enza\/urun\/raum\/","title":{"rendered":"Raum"},"content":{"rendered":"","protected":false},"excerpt":{"rendered":"<p><b>Huzurun \u00d6zg\u00fcn Kurgusu<\/b><br \/>\nDo\u011fal ceviz rengi y\u00fczeyler ve taba rengin \u00f6zg\u00fcn birlikteli\u011fini yans\u0131tan RAUM YATAK ODASI, s\u0131cak, huzurlu ve modern bir atmosfer yarat\u0131yor. Enza\u2019ya \u00f6zel kenar biti\u015f uygulamalar\u0131, alt\u0131n rengi dokulu metal kulplar, yatay ve dikey olarak kullan\u0131labilen bronz ayna tasar\u0131m\u0131, serinin kusursuz esteti\u011fini vurguluyor. Fonksiyonel \u00f6zellikleriyle dikkat \u00e7eken 240 cm s\u00fcrg\u00fc kapakl\u0131, 6 kapakl\u0131 akordeon ve 5 kapakl\u0131 dolap se\u00e7eneklerinin yan\u0131 s\u0131ra ba\u015fl\u0131kl\u0131 karyola ve ba\u015fl\u0131kl\u0131-bazal\u0131 karyola alternatifleriyle \u00f6ne \u00e7\u0131k\u0131yor. Rafine formlar\u0131 zenginle\u015ftiren incelikli detaylar\u0131 ile RAUM YATAK ODASI, modern tasar\u0131m\u0131n \u00f6zg\u00fcn ve zarif bir \u00f6rne\u011fini yatak odalar\u0131na ta\u015f\u0131yor.<\/p>\n","protected":false},"featured_media":2386,"template":"","meta":[],"product_cat":[128,151],"product_tag":[],"class_list":["post-2382","product","type-product","status-publish","has-post-thumbnail","hentry","product_cat-yatak-odasi","product_cat-yatak-odasi-takimlari"],"_links":{"self":[{"href":"https:\/\/www.bulutoglugrup.com.tr\/enza\/wp-json\/wp\/v2\/product\/2382","targetHints":{"allow":["GET"]}}],"collection":[{"href":"https:\/\/www.bulutoglugrup.com.tr\/enza\/wp-json\/wp\/v2\/product"}],"about":[{"href":"https:\/\/www.bulutoglugrup.com.tr\/enza\/wp-json\/wp\/v2\/types\/product"}],"wp:featuredmedia":[{"embeddable":true,"href":"https:\/\/www.bulutoglugrup.com.tr\/enza\/wp-json\/wp\/v2\/media\/2386"}],"wp:attachment":[{"href":"https:\/\/www.bulutoglugrup.com.tr\/enza\/wp-json\/wp\/v2\/media?parent=2382"}],"wp:term":[{"taxonomy":"product_cat","embeddable":true,"href":"https:\/\/www.bulutoglugrup.com.tr\/enza\/wp-json\/wp\/v2\/product_cat?post=2382"},{"taxonomy":"product_tag","embeddable":true,"href":"https:\/\/www.bulutoglugrup.com.tr\/enza\/wp-json\/wp\/v2\/product_tag?post=2382"}],"curies":[{"name":"wp","href":"https:\/\/api.w.org\/{rel}","templated":true}]}}