{"id":2370,"date":"2023-12-09T00:02:53","date_gmt":"2023-12-08T21:02:53","guid":{"rendered":"https:\/\/www.bulutoglugrup.com.tr\/enza\/?post_type=product&#038;p=2370"},"modified":"2023-12-08T21:07:15","modified_gmt":"2023-12-08T21:07:15","slug":"elegante","status":"publish","type":"product","link":"https:\/\/www.bulutoglugrup.com.tr\/enza\/urun\/elegante\/","title":{"rendered":"Elegante"},"content":{"rendered":"","protected":false},"excerpt":{"rendered":"<p><b>S\u0131cak Dokular, Romantik Detaylar<\/b><br \/>\nBenzersiz Prusya Mavisi ah\u015fap y\u00fczeyi, kapitone detayl\u0131 deri ba\u015fl\u0131kl\u0131 karyolas\u0131 ve alt\u0131n rengi \u00f6zel tasar\u0131m kulplar\u0131 ile modern\/klasik tarz\u0131n en g\u00f6z al\u0131c\u0131 \u00f6rneklerinden olan ELEGANTE YATAK ODASI m\u00fckemmeliyet\u00e7i bir ruhu yans\u0131t\u0131yor.<\/p>\n","protected":false},"featured_media":2374,"template":"","meta":[],"product_cat":[128,151],"product_tag":[],"class_list":["post-2370","product","type-product","status-publish","has-post-thumbnail","hentry","product_cat-yatak-odasi","product_cat-yatak-odasi-takimlari"],"_links":{"self":[{"href":"https:\/\/www.bulutoglugrup.com.tr\/enza\/wp-json\/wp\/v2\/product\/2370","targetHints":{"allow":["GET"]}}],"collection":[{"href":"https:\/\/www.bulutoglugrup.com.tr\/enza\/wp-json\/wp\/v2\/product"}],"about":[{"href":"https:\/\/www.bulutoglugrup.com.tr\/enza\/wp-json\/wp\/v2\/types\/product"}],"wp:featuredmedia":[{"embeddable":true,"href":"https:\/\/www.bulutoglugrup.com.tr\/enza\/wp-json\/wp\/v2\/media\/2374"}],"wp:attachment":[{"href":"https:\/\/www.bulutoglugrup.com.tr\/enza\/wp-json\/wp\/v2\/media?parent=2370"}],"wp:term":[{"taxonomy":"product_cat","embeddable":true,"href":"https:\/\/www.bulutoglugrup.com.tr\/enza\/wp-json\/wp\/v2\/product_cat?post=2370"},{"taxonomy":"product_tag","embeddable":true,"href":"https:\/\/www.bulutoglugrup.com.tr\/enza\/wp-json\/wp\/v2\/product_tag?post=2370"}],"curies":[{"name":"wp","href":"https:\/\/api.w.org\/{rel}","templated":true}]}}