{"id":2347,"date":"2023-12-08T23:56:50","date_gmt":"2023-12-08T20:56:50","guid":{"rendered":"https:\/\/www.bulutoglugrup.com.tr\/enza\/?post_type=product&#038;p=2347"},"modified":"2023-12-08T21:02:30","modified_gmt":"2023-12-08T21:02:30","slug":"polka-beyaz","status":"publish","type":"product","link":"https:\/\/www.bulutoglugrup.com.tr\/enza\/urun\/polka-beyaz\/","title":{"rendered":"Polka &#8211; Beyaz"},"content":{"rendered":"","protected":false},"excerpt":{"rendered":"<p><b>Yenilik\u00e7i ve Modern Tasar\u0131m<\/b><br \/>\nYa\u015fam alanlar\u0131nda modern tarz\u0131 benimseyenler i\u00e7in tasarlanan POLKA YATAK ODASI TAKIMI, sade \u00e7izgileriyle \u00f6n plana \u00e7\u0131k\u0131yor. Koleksiyon \u00e7oklu kombinasyon se\u00e7enekleriyle farkl\u0131 boyutlardaki odalar i\u00e7in de tercih edilebiliyor. \u015eifonyer ve y\u00fcksek \u015fifonyer olmak \u00fczere iki farkl\u0131 alternatife sahip olan yatak odas\u0131 tak\u0131m\u0131, 240 cm s\u00fcrg\u00fcl\u00fc kapakl\u0131 dolaplar\u0131yla \u00e7oklu kombinasyon imkan\u0131 sa\u011fl\u0131yor. Kendili\u011finden yava\u015flat\u0131c\u0131l\u0131 mente\u015fe ve ray sistemi sayesinde de kullan\u0131m rahatl\u0131\u011f\u0131 sunuyor.<\/p>\n","protected":false},"featured_media":2355,"template":"","meta":[],"product_cat":[128,151],"product_tag":[],"class_list":["post-2347","product","type-product","status-publish","has-post-thumbnail","hentry","product_cat-yatak-odasi","product_cat-yatak-odasi-takimlari"],"_links":{"self":[{"href":"https:\/\/www.bulutoglugrup.com.tr\/enza\/wp-json\/wp\/v2\/product\/2347","targetHints":{"allow":["GET"]}}],"collection":[{"href":"https:\/\/www.bulutoglugrup.com.tr\/enza\/wp-json\/wp\/v2\/product"}],"about":[{"href":"https:\/\/www.bulutoglugrup.com.tr\/enza\/wp-json\/wp\/v2\/types\/product"}],"wp:featuredmedia":[{"embeddable":true,"href":"https:\/\/www.bulutoglugrup.com.tr\/enza\/wp-json\/wp\/v2\/media\/2355"}],"wp:attachment":[{"href":"https:\/\/www.bulutoglugrup.com.tr\/enza\/wp-json\/wp\/v2\/media?parent=2347"}],"wp:term":[{"taxonomy":"product_cat","embeddable":true,"href":"https:\/\/www.bulutoglugrup.com.tr\/enza\/wp-json\/wp\/v2\/product_cat?post=2347"},{"taxonomy":"product_tag","embeddable":true,"href":"https:\/\/www.bulutoglugrup.com.tr\/enza\/wp-json\/wp\/v2\/product_tag?post=2347"}],"curies":[{"name":"wp","href":"https:\/\/api.w.org\/{rel}","templated":true}]}}