{"id":2326,"date":"2023-12-08T23:50:40","date_gmt":"2023-12-08T20:50:40","guid":{"rendered":"https:\/\/www.bulutoglugrup.com.tr\/enza\/?post_type=product&#038;p=2326"},"modified":"2023-12-08T20:56:25","modified_gmt":"2023-12-08T20:56:25","slug":"linz-5","status":"publish","type":"product","link":"https:\/\/www.bulutoglugrup.com.tr\/enza\/urun\/linz-5\/","title":{"rendered":"Linz"},"content":{"rendered":"","protected":false},"excerpt":{"rendered":"<p><b>\u00d6zg\u00fcn Tarz ile Maksimum \u0130\u015flev<\/b><br \/>\nSeriye \u00f6zel keten g\u00f6r\u00fcn\u00fcml\u00fc dekor detaylar\u0131 ve vintage koyu ah\u015fap y\u00fczeyleri ile g\u00f6z al\u0131c\u0131 bir tarz ortaya koyan LINZ YATAK ODASI, yumu\u015fak form detaylar\u0131yla konfor hissine vurgu yapan modern mekanlar yarat\u0131yor. Organik formlu \u015fifonyer aynas\u0131 ve parlak f\u00fcme d\u00fc\u011fme kulp detaylar\u0131 tasar\u0131ma \u00f6zg\u00fcn bir yorum kat\u0131yor. Serinin gen\u00e7 ve \u015f\u0131k tarz\u0131n\u0131 yans\u0131tan 5 ve 3 kapakl\u0131 dolap se\u00e7eneklerinin yan\u0131 s\u0131ra s\u00fcrg\u00fc kapak alternatifine ve k\u00f6\u015fe dolap mod\u00fcl\u00fc ile ihtiyaca uygun i\u015flevsel dolap kombinasyonlar\u0131 olu\u015fturma olana\u011f\u0131 sunuyor.<\/p>\n","protected":false},"featured_media":2331,"template":"","meta":[],"product_cat":[128,151],"product_tag":[],"class_list":["post-2326","product","type-product","status-publish","has-post-thumbnail","hentry","product_cat-yatak-odasi","product_cat-yatak-odasi-takimlari"],"_links":{"self":[{"href":"https:\/\/www.bulutoglugrup.com.tr\/enza\/wp-json\/wp\/v2\/product\/2326","targetHints":{"allow":["GET"]}}],"collection":[{"href":"https:\/\/www.bulutoglugrup.com.tr\/enza\/wp-json\/wp\/v2\/product"}],"about":[{"href":"https:\/\/www.bulutoglugrup.com.tr\/enza\/wp-json\/wp\/v2\/types\/product"}],"wp:featuredmedia":[{"embeddable":true,"href":"https:\/\/www.bulutoglugrup.com.tr\/enza\/wp-json\/wp\/v2\/media\/2331"}],"wp:attachment":[{"href":"https:\/\/www.bulutoglugrup.com.tr\/enza\/wp-json\/wp\/v2\/media?parent=2326"}],"wp:term":[{"taxonomy":"product_cat","embeddable":true,"href":"https:\/\/www.bulutoglugrup.com.tr\/enza\/wp-json\/wp\/v2\/product_cat?post=2326"},{"taxonomy":"product_tag","embeddable":true,"href":"https:\/\/www.bulutoglugrup.com.tr\/enza\/wp-json\/wp\/v2\/product_tag?post=2326"}],"curies":[{"name":"wp","href":"https:\/\/api.w.org\/{rel}","templated":true}]}}