{"id":2303,"date":"2023-12-08T23:41:41","date_gmt":"2023-12-08T20:41:41","guid":{"rendered":"https:\/\/www.bulutoglugrup.com.tr\/enza\/?post_type=product&#038;p=2303"},"modified":"2023-12-08T20:47:58","modified_gmt":"2023-12-08T20:47:58","slug":"cordell-4","status":"publish","type":"product","link":"https:\/\/www.bulutoglugrup.com.tr\/enza\/urun\/cordell-4\/","title":{"rendered":"Cordell"},"content":{"rendered":"","protected":false},"excerpt":{"rendered":"<p><b>Rafine Detaylarla \u00d6zg\u00fcn Tasar\u0131m<\/b><br \/>\nCeviz, gri ve k\u0131r\u0131k beyaz renk y\u00fczey kombinasyonunun rafine \u015f\u0131kl\u0131\u011f\u0131n\u0131 yans\u0131tan CORDELL YATAK ODASI TAKIMI, mod\u00fcler tasar\u0131m yakla\u015f\u0131m\u0131yla estetik ve fonksiyonelli\u011fi bir araya getiriyor. \u00d6zel diki\u015f uygulamas\u0131 ile dikkat \u00e7eken yatak ba\u015fl\u0131\u011f\u0131, dolaplarda nat\u00fcrel ayna uygulamas\u0131 ve metal mat siyah kulp detaylar\u0131yla serinin gen\u00e7 tasar\u0131m \u00e7izgisini yans\u0131t\u0131yor.<\/p>\n","protected":false},"featured_media":2310,"template":"","meta":[],"product_cat":[128,151],"product_tag":[],"class_list":["post-2303","product","type-product","status-publish","has-post-thumbnail","hentry","product_cat-yatak-odasi","product_cat-yatak-odasi-takimlari"],"_links":{"self":[{"href":"https:\/\/www.bulutoglugrup.com.tr\/enza\/wp-json\/wp\/v2\/product\/2303","targetHints":{"allow":["GET"]}}],"collection":[{"href":"https:\/\/www.bulutoglugrup.com.tr\/enza\/wp-json\/wp\/v2\/product"}],"about":[{"href":"https:\/\/www.bulutoglugrup.com.tr\/enza\/wp-json\/wp\/v2\/types\/product"}],"wp:featuredmedia":[{"embeddable":true,"href":"https:\/\/www.bulutoglugrup.com.tr\/enza\/wp-json\/wp\/v2\/media\/2310"}],"wp:attachment":[{"href":"https:\/\/www.bulutoglugrup.com.tr\/enza\/wp-json\/wp\/v2\/media?parent=2303"}],"wp:term":[{"taxonomy":"product_cat","embeddable":true,"href":"https:\/\/www.bulutoglugrup.com.tr\/enza\/wp-json\/wp\/v2\/product_cat?post=2303"},{"taxonomy":"product_tag","embeddable":true,"href":"https:\/\/www.bulutoglugrup.com.tr\/enza\/wp-json\/wp\/v2\/product_tag?post=2303"}],"curies":[{"name":"wp","href":"https:\/\/api.w.org\/{rel}","templated":true}]}}