{"id":2146,"date":"2023-11-23T02:15:46","date_gmt":"2023-11-22T23:15:46","guid":{"rendered":"https:\/\/www.bulutoglugrup.com.tr\/enza\/?post_type=product&#038;p=2146"},"modified":"2023-11-22T23:25:40","modified_gmt":"2023-11-22T23:25:40","slug":"loreto-5","status":"publish","type":"product","link":"https:\/\/www.bulutoglugrup.com.tr\/enza\/urun\/loreto-5\/","title":{"rendered":"Loreto"},"content":{"rendered":"","protected":false},"excerpt":{"rendered":"<p><b>Do\u011fall\u0131\u011f\u0131yla \u00d6ne \u00c7\u0131kan Modern Kurgu<\/b><br \/>\nAh\u015fap y\u00fczeylerin \u015f\u0131k metal detaylarla bir araya geldi\u011fi LORETO YATAK ODASI, zarif ve dingin etkisiyle dikkat \u00e7ekiyor. Metal mat siyah kulp ve ayak uygulamalar\u0131n\u0131n yan\u0131 s\u0131ra modern ba\u015fl\u0131k tasar\u0131m\u0131 ve diki\u015f uygulamal\u0131 puf mod\u00fcl\u00fc gibi estetik dokunu\u015flarla dekorasyona e\u015fsiz bir yorum getiriyor. Kapakl\u0131 ya da s\u00fcrg\u00fcl\u00fc olmak \u00fczere 5 farkl\u0131 dolap alternatifi ile zengin kombinasyon se\u00e7enekleri sunan Loreto Yatak Odas\u0131, fonksiyonelli\u011fiyle \u00f6ne \u00e7\u0131kan \u00f6zg\u00fcn ve modern bir atmosfer yarat\u0131yor.<\/p>\n","protected":false},"featured_media":2157,"template":"","meta":[],"product_cat":[128,151],"product_tag":[],"class_list":["post-2146","product","type-product","status-publish","has-post-thumbnail","hentry","product_cat-yatak-odasi","product_cat-yatak-odasi-takimlari"],"_links":{"self":[{"href":"https:\/\/www.bulutoglugrup.com.tr\/enza\/wp-json\/wp\/v2\/product\/2146","targetHints":{"allow":["GET"]}}],"collection":[{"href":"https:\/\/www.bulutoglugrup.com.tr\/enza\/wp-json\/wp\/v2\/product"}],"about":[{"href":"https:\/\/www.bulutoglugrup.com.tr\/enza\/wp-json\/wp\/v2\/types\/product"}],"wp:featuredmedia":[{"embeddable":true,"href":"https:\/\/www.bulutoglugrup.com.tr\/enza\/wp-json\/wp\/v2\/media\/2157"}],"wp:attachment":[{"href":"https:\/\/www.bulutoglugrup.com.tr\/enza\/wp-json\/wp\/v2\/media?parent=2146"}],"wp:term":[{"taxonomy":"product_cat","embeddable":true,"href":"https:\/\/www.bulutoglugrup.com.tr\/enza\/wp-json\/wp\/v2\/product_cat?post=2146"},{"taxonomy":"product_tag","embeddable":true,"href":"https:\/\/www.bulutoglugrup.com.tr\/enza\/wp-json\/wp\/v2\/product_tag?post=2146"}],"curies":[{"name":"wp","href":"https:\/\/api.w.org\/{rel}","templated":true}]}}