{"id":2128,"date":"2023-11-23T02:07:16","date_gmt":"2023-11-22T23:07:16","guid":{"rendered":"https:\/\/www.bulutoglugrup.com.tr\/enza\/?post_type=product&#038;p=2128"},"modified":"2023-11-22T23:15:23","modified_gmt":"2023-11-22T23:15:23","slug":"basel-4","status":"publish","type":"product","link":"https:\/\/www.bulutoglugrup.com.tr\/enza\/urun\/basel-4\/","title":{"rendered":"Basel"},"content":{"rendered":"","protected":false},"excerpt":{"rendered":"<p><b>Dingin ve Zarif Etki<\/b><br \/>\nAh\u015fab\u0131n dekorasyondaki do\u011fal ve samimi etkisini minimal dokunu\u015flarla yeniden yorumlayan BASEL YATAK ODASI TAKIMI, dingin ve \u00e7a\u011fda\u015f bir tasar\u0131m sunuyor. A\u00e7\u0131k me\u015fe ve a\u00e7\u0131k bej renk kombinasyonuyla ayd\u0131nl\u0131k ve ferah bir atmosfer yarat\u0131rken, mod\u00fcler tasar\u0131m\u0131yla farkl\u0131 kullan\u0131m ihtiya\u00e7lar\u0131na kusursuzca uyum sa\u011fl\u0131yor.<\/p>\n","protected":false},"featured_media":2145,"template":"","meta":[],"product_cat":[128,151],"product_tag":[],"class_list":["post-2128","product","type-product","status-publish","has-post-thumbnail","hentry","product_cat-yatak-odasi","product_cat-yatak-odasi-takimlari"],"_links":{"self":[{"href":"https:\/\/www.bulutoglugrup.com.tr\/enza\/wp-json\/wp\/v2\/product\/2128","targetHints":{"allow":["GET"]}}],"collection":[{"href":"https:\/\/www.bulutoglugrup.com.tr\/enza\/wp-json\/wp\/v2\/product"}],"about":[{"href":"https:\/\/www.bulutoglugrup.com.tr\/enza\/wp-json\/wp\/v2\/types\/product"}],"wp:featuredmedia":[{"embeddable":true,"href":"https:\/\/www.bulutoglugrup.com.tr\/enza\/wp-json\/wp\/v2\/media\/2145"}],"wp:attachment":[{"href":"https:\/\/www.bulutoglugrup.com.tr\/enza\/wp-json\/wp\/v2\/media?parent=2128"}],"wp:term":[{"taxonomy":"product_cat","embeddable":true,"href":"https:\/\/www.bulutoglugrup.com.tr\/enza\/wp-json\/wp\/v2\/product_cat?post=2128"},{"taxonomy":"product_tag","embeddable":true,"href":"https:\/\/www.bulutoglugrup.com.tr\/enza\/wp-json\/wp\/v2\/product_tag?post=2128"}],"curies":[{"name":"wp","href":"https:\/\/api.w.org\/{rel}","templated":true}]}}