{"id":2100,"date":"2023-11-23T02:01:58","date_gmt":"2023-11-22T23:01:58","guid":{"rendered":"https:\/\/www.bulutoglugrup.com.tr\/enza\/?post_type=product&#038;p=2100"},"modified":"2023-11-22T23:07:11","modified_gmt":"2023-11-22T23:07:11","slug":"riga","status":"publish","type":"product","link":"https:\/\/www.bulutoglugrup.com.tr\/enza\/urun\/riga\/","title":{"rendered":"Riga"},"content":{"rendered":"","protected":false},"excerpt":{"rendered":"<p><b>Dingin ve Se\u00e7kin Tasar\u0131m<\/b><br \/>\nRafine \u00e7izgisi ve l\u00fcks tasar\u0131m detaylar\u0131yla dikkat \u00e7eken RIGA YATAK ODASI TAKIMI, yatak odalar\u0131na sofistike bir zarafet getiriyor. Koyu ceviz, siyah ve metalik renk kombinasyonuyla \u015f\u0131k ve huzurlu bir atmosfer yarat\u0131rken, y\u00fczeylerde deri desenli g\u00f6r\u00fcn\u00fcm ve metalik efekt \u00fczerine siyah \u015ferit kombinasyonu ile tasar\u0131m\u0131na \u00e7a\u011fda\u015f bir zarafet kat\u0131yor.<\/p>\n<p>2&#8217;li \u00e7ekmece kullan\u0131m\u0131na sahip 6 kapakl\u0131 akordeon dolap alternatifinin yan\u0131 s\u0131ra 3&#8217;l\u00fc \u00e7ekmece kullan\u0131m\u0131na sahip 2 farkl\u0131 hibrit dolap se\u00e7ene\u011fi sunan RIGA YATAK ODASI TAKIMI, \u015fifonyer mod\u00fcl\u00fcnde b\u00f6lmeli \u00e7ekmece tasar\u0131m\u0131yla fonksiyonel avantajlar\u0131na vurgu yap\u0131yor. Karyola ve baza alternatifleriyle tasar\u0131m \u00e7e\u015fitlili\u011fi sunarken, kullan\u0131m ihtiyac\u0131na uygun ayarlanabilen 4 kademeli hareketli ba\u015fl\u0131k mekanizmas\u0131 sayesinde konfor hissini maksimum seviyeye ta\u015f\u0131yor.<\/p>\n","protected":false},"featured_media":2113,"template":"","meta":[],"product_cat":[128,151],"product_tag":[],"class_list":["post-2100","product","type-product","status-publish","has-post-thumbnail","hentry","product_cat-yatak-odasi","product_cat-yatak-odasi-takimlari"],"_links":{"self":[{"href":"https:\/\/www.bulutoglugrup.com.tr\/enza\/wp-json\/wp\/v2\/product\/2100","targetHints":{"allow":["GET"]}}],"collection":[{"href":"https:\/\/www.bulutoglugrup.com.tr\/enza\/wp-json\/wp\/v2\/product"}],"about":[{"href":"https:\/\/www.bulutoglugrup.com.tr\/enza\/wp-json\/wp\/v2\/types\/product"}],"wp:featuredmedia":[{"embeddable":true,"href":"https:\/\/www.bulutoglugrup.com.tr\/enza\/wp-json\/wp\/v2\/media\/2113"}],"wp:attachment":[{"href":"https:\/\/www.bulutoglugrup.com.tr\/enza\/wp-json\/wp\/v2\/media?parent=2100"}],"wp:term":[{"taxonomy":"product_cat","embeddable":true,"href":"https:\/\/www.bulutoglugrup.com.tr\/enza\/wp-json\/wp\/v2\/product_cat?post=2100"},{"taxonomy":"product_tag","embeddable":true,"href":"https:\/\/www.bulutoglugrup.com.tr\/enza\/wp-json\/wp\/v2\/product_tag?post=2100"}],"curies":[{"name":"wp","href":"https:\/\/api.w.org\/{rel}","templated":true}]}}