{"id":2083,"date":"2023-11-23T01:58:42","date_gmt":"2023-11-22T22:58:42","guid":{"rendered":"https:\/\/www.bulutoglugrup.com.tr\/enza\/?post_type=product&#038;p=2083"},"modified":"2023-11-22T23:01:46","modified_gmt":"2023-11-22T23:01:46","slug":"pavia-7","status":"publish","type":"product","link":"https:\/\/www.bulutoglugrup.com.tr\/enza\/urun\/pavia-7\/","title":{"rendered":"Pavia"},"content":{"rendered":"","protected":false},"excerpt":{"rendered":"<p><b>Do\u011fal ve Nitelikli Kurgu<\/b><br \/>\nAh\u015fap dokulu s\u0131cak ceviz renk kullan\u0131m\u0131n\u0131 y\u00fczeylerde mermer g\u00f6r\u00fcn\u00fcml\u00fc desen ve \u00e7izgisel dekor uygulamas\u0131 ile do\u011fal, \u015f\u0131k ve zamans\u0131z bir dekorasyon stili yarat\u0131yor. Ayd\u0131nlatmal\u0131 ba\u015fl\u0131k tasar\u0131m\u0131, dolap \u00fczerlerinde nat\u00fcrel renk ayna kullan\u0131m\u0131 ve f\u0131r\u00e7al\u0131 inoks renginde metal kulp ve ayak tasar\u0131m\u0131 ile serinin nitelikli esteti\u011fini vurguluyor. 2 farkl\u0131 \u00f6l\u00e7\u00fcde \u015fifonyer ve 3 farkl\u0131 \u00f6l\u00e7\u00fcde dolap alternatifine sahip PAVIA YATAK ODASI, 5 ve 6 kapakl\u0131 dolaplarda pantolonluk kullan\u0131m\u0131, \u015fifonyer mod\u00fcl\u00fcnde \u00e7ekmece i\u00e7 b\u00f6l\u00fcmlendirme uygulamas\u0131 ile \u00f6ne \u00e7\u0131k\u0131yor.<\/p>\n","protected":false},"featured_media":2091,"template":"","meta":[],"product_cat":[128,151],"product_tag":[],"class_list":["post-2083","product","type-product","status-publish","has-post-thumbnail","hentry","product_cat-yatak-odasi","product_cat-yatak-odasi-takimlari"],"_links":{"self":[{"href":"https:\/\/www.bulutoglugrup.com.tr\/enza\/wp-json\/wp\/v2\/product\/2083","targetHints":{"allow":["GET"]}}],"collection":[{"href":"https:\/\/www.bulutoglugrup.com.tr\/enza\/wp-json\/wp\/v2\/product"}],"about":[{"href":"https:\/\/www.bulutoglugrup.com.tr\/enza\/wp-json\/wp\/v2\/types\/product"}],"wp:featuredmedia":[{"embeddable":true,"href":"https:\/\/www.bulutoglugrup.com.tr\/enza\/wp-json\/wp\/v2\/media\/2091"}],"wp:attachment":[{"href":"https:\/\/www.bulutoglugrup.com.tr\/enza\/wp-json\/wp\/v2\/media?parent=2083"}],"wp:term":[{"taxonomy":"product_cat","embeddable":true,"href":"https:\/\/www.bulutoglugrup.com.tr\/enza\/wp-json\/wp\/v2\/product_cat?post=2083"},{"taxonomy":"product_tag","embeddable":true,"href":"https:\/\/www.bulutoglugrup.com.tr\/enza\/wp-json\/wp\/v2\/product_tag?post=2083"}],"curies":[{"name":"wp","href":"https:\/\/api.w.org\/{rel}","templated":true}]}}