{"id":2078,"date":"2023-11-23T01:56:28","date_gmt":"2023-11-22T22:56:28","guid":{"rendered":"https:\/\/www.bulutoglugrup.com.tr\/enza\/?post_type=product&#038;p=2078"},"modified":"2023-11-22T22:58:29","modified_gmt":"2023-11-22T22:58:29","slug":"berta-3","status":"publish","type":"product","link":"https:\/\/www.bulutoglugrup.com.tr\/enza\/urun\/berta-3\/","title":{"rendered":"Berta"},"content":{"rendered":"","protected":false},"excerpt":{"rendered":"<p><b>Modern ve Sofistike Kurgu<\/b><br \/>\n\u00c7a\u011fda\u015f dekorasyon tarz\u0131n\u0131 g\u00f6z al\u0131c\u0131 tasar\u0131m detaylar\u0131yla zenginle\u015ftiren BERTA YATAK ODASI, modern ve sofistike tasar\u0131m\u0131yla \u00f6ne \u00e7\u0131k\u0131yor. Enza Home\u2019a \u00f6zel siyah renk ve tekstil dokulu y\u00fczey kombinasyonu ile yatak odalar\u0131nda \u015f\u0131k ve \u00f6zg\u00fcn bir atmosfer yarat\u0131yor. 260 cm hibrit kapakl\u0131 dolap mod\u00fcl\u00fcn\u00fcn yan\u0131 s\u0131ra 4,5 ve 6 kapakl\u0131 olmak \u00fczere d\u00f6rt farkl\u0131 dolap alternatifine sahip olan BERTA YATAK ODASI, modern esteti\u011fini fonksiyonellik ile bulu\u015fturuyor.<\/p>\n<p>T\u00fcm dolaplarda nat\u00fcrel renk ayna uygulamas\u0131na ek olarak 4, 5 ve 6 kapakl\u0131 dolaplarda ayd\u0131nlatma ve hibrit kapakl\u0131 dolapta pantolonluk kullan\u0131m\u0131 zengin fonksiyonel unsurlar olarak \u00f6ne \u00e7\u0131k\u0131yor. Karyola ve bazada \u00f6zel siyah renk metal ayak formu ve diki\u015f uygulamal\u0131 ba\u015fl\u0131k tasar\u0131m\u0131 ile etkileyici g\u00f6rselli\u011fini tamaml\u0131yor.<\/p>\n","protected":false},"featured_media":2082,"template":"","meta":[],"product_cat":[128,151],"product_tag":[171,170],"class_list":["post-2078","product","type-product","status-publish","has-post-thumbnail","hentry","product_cat-yatak-odasi","product_cat-yatak-odasi-takimlari","product_tag-ikili-koltuk","product_tag-koltuk"],"_links":{"self":[{"href":"https:\/\/www.bulutoglugrup.com.tr\/enza\/wp-json\/wp\/v2\/product\/2078","targetHints":{"allow":["GET"]}}],"collection":[{"href":"https:\/\/www.bulutoglugrup.com.tr\/enza\/wp-json\/wp\/v2\/product"}],"about":[{"href":"https:\/\/www.bulutoglugrup.com.tr\/enza\/wp-json\/wp\/v2\/types\/product"}],"wp:featuredmedia":[{"embeddable":true,"href":"https:\/\/www.bulutoglugrup.com.tr\/enza\/wp-json\/wp\/v2\/media\/2082"}],"wp:attachment":[{"href":"https:\/\/www.bulutoglugrup.com.tr\/enza\/wp-json\/wp\/v2\/media?parent=2078"}],"wp:term":[{"taxonomy":"product_cat","embeddable":true,"href":"https:\/\/www.bulutoglugrup.com.tr\/enza\/wp-json\/wp\/v2\/product_cat?post=2078"},{"taxonomy":"product_tag","embeddable":true,"href":"https:\/\/www.bulutoglugrup.com.tr\/enza\/wp-json\/wp\/v2\/product_tag?post=2078"}],"curies":[{"name":"wp","href":"https:\/\/api.w.org\/{rel}","templated":true}]}}