{"id":2037,"date":"2023-11-23T01:31:14","date_gmt":"2023-11-22T22:31:14","guid":{"rendered":"https:\/\/www.bulutoglugrup.com.tr\/enza\/?post_type=product&#038;p=2037"},"modified":"2023-11-22T22:55:50","modified_gmt":"2023-11-22T22:55:50","slug":"marion-4","status":"publish","type":"product","link":"https:\/\/www.bulutoglugrup.com.tr\/enza\/urun\/marion-4\/","title":{"rendered":"Marion"},"content":{"rendered":"","protected":false},"excerpt":{"rendered":"<p><b>Nitelikli Detaylarla \u00c7a\u011fda\u015f L\u00fcks<\/b><br \/>\nZengin malzeme birlikteliklerinin karakterli zarafetini yans\u0131tan MARION YATAK ODASI, \u00e7a\u011fda\u015f l\u00fcks kavram\u0131n\u0131 yatak odalar\u0131na ta\u015f\u0131yor. Koyu kahve ve ceviz renk kombinasyonunu \u015f\u0131k bir detay olarak tamamlayan bronz renk kulplar ve nat\u00fcrel renk \u015fifonyer aynas\u0131, serinin kusursuz esteti\u011fini vurguluyor. 5 ve 6 kapakl\u0131 dolap alternatiflerinin yan\u0131 s\u0131ra iki ayr\u0131 \u00f6l\u00e7\u00fcde hibrit kapakl\u0131 dolap mod\u00fcl\u00fc olmak \u00fczere 4 ayr\u0131 dolap se\u00e7ene\u011fi ile farkl\u0131 kullan\u0131m ihtiya\u00e7lar\u0131na ve metrekarelere uyum sa\u011fl\u0131yor. Dolap i\u00e7lerinde ve y\u00fcksek \u015fifonyer mod\u00fcl\u00fcnde \u00e7ekmece uygulamalar\u0131 ile ekstra depolama alan\u0131 yarat\u0131rken, hibrit, 5 ve 6 kapakl\u0131 dolaplarda pantolonluk fonksiyonu ile pratik kullan\u0131m avantaj\u0131 sa\u011fl\u0131yor.<\/p>\n","protected":false},"featured_media":2041,"template":"","meta":[],"product_cat":[128,151],"product_tag":[171,170],"class_list":["post-2037","product","type-product","status-publish","has-post-thumbnail","hentry","product_cat-yatak-odasi","product_cat-yatak-odasi-takimlari","product_tag-ikili-koltuk","product_tag-koltuk"],"_links":{"self":[{"href":"https:\/\/www.bulutoglugrup.com.tr\/enza\/wp-json\/wp\/v2\/product\/2037","targetHints":{"allow":["GET"]}}],"collection":[{"href":"https:\/\/www.bulutoglugrup.com.tr\/enza\/wp-json\/wp\/v2\/product"}],"about":[{"href":"https:\/\/www.bulutoglugrup.com.tr\/enza\/wp-json\/wp\/v2\/types\/product"}],"wp:featuredmedia":[{"embeddable":true,"href":"https:\/\/www.bulutoglugrup.com.tr\/enza\/wp-json\/wp\/v2\/media\/2041"}],"wp:attachment":[{"href":"https:\/\/www.bulutoglugrup.com.tr\/enza\/wp-json\/wp\/v2\/media?parent=2037"}],"wp:term":[{"taxonomy":"product_cat","embeddable":true,"href":"https:\/\/www.bulutoglugrup.com.tr\/enza\/wp-json\/wp\/v2\/product_cat?post=2037"},{"taxonomy":"product_tag","embeddable":true,"href":"https:\/\/www.bulutoglugrup.com.tr\/enza\/wp-json\/wp\/v2\/product_tag?post=2037"}],"curies":[{"name":"wp","href":"https:\/\/api.w.org\/{rel}","templated":true}]}}